{"id":9618,"date":"2017-07-13T00:00:00","date_gmt":"2017-06-19T00:00:00","guid":{"rendered":"https:\/\/promz.be\/product\/sucette-ronde-ou-forme-de-coeur\/"},"modified":"2017-06-19T00:00:00","modified_gmt":"2017-06-19T00:00:00","slug":"sucette-ronde-ou-forme-de-coeur","status":"publish","type":"product","link":"https:\/\/promz.be\/fr\/product\/sucette-ronde-ou-forme-de-coeur\/","title":{"rendered":"Sucette ronde ou forme de coeur"},"content":{"rendered":"<p><strong>10,000 pc. 1 couleur: \u20ac 7,50 la 100 pi\u00e8ces. Co\u00fbt clich\u00e9 1 couleur: \u20ac 65,00<\/strong><\/p>\n<p>Sucette plat ronde ou en forme de coeur emball\u00e9 dans feuille transparant.<\/p>\n<p>Un c\u00f4t\u00e9 du feuille est blanc et sera imprim\u00e9 avec v\u00f4tre logo ou texte. L&#8217;autre c\u00f4t\u00e9 est transparant.<\/p>\n","protected":false},"excerpt":{"rendered":"<p><strong>10,000 pc. 1 couleur: \u20ac 7,50 la 100 pi\u00e8ces. Co\u00fbt clich\u00e9 1 couleur: \u20ac 65,00<\/strong><\/p>\n<p>Sucette plat ronde ou en forme de coeur emball\u00e9 dans feuille transparant.<\/p>\n<p>Un c\u00f4t\u00e9 du feuille est blanc et sera imprim\u00e9 avec v\u00f4tre logo ou texte. L&#8217;autre c\u00f4t\u00e9 est transparant. [&#8230;]<\/p>\n<p><a class=\"btn btn-secondary understrap-read-more-link\" href=\"https:\/\/promz.be\/fr\/product\/sucette-ronde-ou-forme-de-coeur\/\">Lire la suite&#8230;<\/a><\/p>\n","protected":false},"featured_media":7511,"comment_status":"closed","ping_status":"open","template":"","meta":[],"product_cat":[947,977,957],"product_tag":[],"_links":{"self":[{"href":"https:\/\/promz.be\/fr\/wp-json\/wp\/v2\/product\/9618"}],"collection":[{"href":"https:\/\/promz.be\/fr\/wp-json\/wp\/v2\/product"}],"about":[{"href":"https:\/\/promz.be\/fr\/wp-json\/wp\/v2\/types\/product"}],"replies":[{"embeddable":true,"href":"https:\/\/promz.be\/fr\/wp-json\/wp\/v2\/comments?post=9618"}],"wp:featuredmedia":[{"embeddable":true,"href":"https:\/\/promz.be\/fr\/wp-json\/wp\/v2\/media\/7511"}],"wp:attachment":[{"href":"https:\/\/promz.be\/fr\/wp-json\/wp\/v2\/media?parent=9618"}],"wp:term":[{"taxonomy":"product_cat","embeddable":true,"href":"https:\/\/promz.be\/fr\/wp-json\/wp\/v2\/product_cat?post=9618"},{"taxonomy":"product_tag","embeddable":true,"href":"https:\/\/promz.be\/fr\/wp-json\/wp\/v2\/product_tag?post=9618"}],"curies":[{"name":"wp","href":"https:\/\/api.w.org\/{rel}","templated":true}]}}