{"id":9619,"date":"2017-06-19T00:00:00","date_gmt":"2017-06-19T00:00:00","guid":{"rendered":"https:\/\/promz.be\/product\/boite-de-stroopwafel\/"},"modified":"2017-06-19T00:00:00","modified_gmt":"2017-06-19T00:00:00","slug":"boite-de-stroopwafel","status":"publish","type":"product","link":"https:\/\/promz.be\/fr\/product\/boite-de-stroopwafel\/","title":{"rendered":"Boite de stroopwafel"},"content":{"rendered":"<p><strong>120 pc. FC-couvercle imprim\u00e9: \u20ac 5,64 la pi\u00e8ce. 120 pc. FC- banderole imprim\u00e9: \u20ac 5,39 la pi\u00e8ce. Co\u00fbt clich\u00e9 FC: \u20ac 50,00<\/strong><\/p>\n<p>Cane remplit avec gaufrettes \u00e0 la m\u00e9lasse. Le couvercle sera imprim\u00e9 en full colour avec v\u00f4tre logo ou texte. On peut aussi choisir d&#8217; imprimer une banderole avec v\u00f4tre logo ou texte.<\/p>\n","protected":false},"excerpt":{"rendered":"<p><strong>120 pc. FC-couvercle imprim\u00e9: \u20ac 5,64 la pi\u00e8ce. 120 pc. FC- banderole imprim\u00e9: \u20ac 5,39 la pi\u00e8ce. Co\u00fbt clich\u00e9 FC: \u20ac 50,00<\/strong><\/p>\n<p>Cane remplit avec gaufrettes \u00e0 la m\u00e9lasse. Le couvercle sera imprim\u00e9 en full colour avec v\u00f4tre logo ou texte. On peut aussi choisir d&#8217; imprimer une banderole avec v\u00f4tre logo ou texte. [&#8230;]<\/p>\n<p><a class=\"btn btn-secondary understrap-read-more-link\" href=\"https:\/\/promz.be\/fr\/product\/boite-de-stroopwafel\/\">Lire la suite&#8230;<\/a><\/p>\n","protected":false},"featured_media":7507,"comment_status":"closed","ping_status":"open","template":"","meta":[],"product_cat":[8745],"product_tag":[3270,3271,3272,3265],"_links":{"self":[{"href":"https:\/\/promz.be\/fr\/wp-json\/wp\/v2\/product\/9619"}],"collection":[{"href":"https:\/\/promz.be\/fr\/wp-json\/wp\/v2\/product"}],"about":[{"href":"https:\/\/promz.be\/fr\/wp-json\/wp\/v2\/types\/product"}],"replies":[{"embeddable":true,"href":"https:\/\/promz.be\/fr\/wp-json\/wp\/v2\/comments?post=9619"}],"wp:featuredmedia":[{"embeddable":true,"href":"https:\/\/promz.be\/fr\/wp-json\/wp\/v2\/media\/7507"}],"wp:attachment":[{"href":"https:\/\/promz.be\/fr\/wp-json\/wp\/v2\/media?parent=9619"}],"wp:term":[{"taxonomy":"product_cat","embeddable":true,"href":"https:\/\/promz.be\/fr\/wp-json\/wp\/v2\/product_cat?post=9619"},{"taxonomy":"product_tag","embeddable":true,"href":"https:\/\/promz.be\/fr\/wp-json\/wp\/v2\/product_tag?post=9619"}],"curies":[{"name":"wp","href":"https:\/\/api.w.org\/{rel}","templated":true}]}}