{"id":9621,"date":"2017-06-19T00:00:00","date_gmt":"2017-06-19T00:00:00","guid":{"rendered":"https:\/\/promz.be\/product\/barre-fourre-de-chocolat\/"},"modified":"2017-06-19T00:00:00","modified_gmt":"2017-06-19T00:00:00","slug":"barre-fourre-de-chocolat","status":"publish","type":"product","link":"https:\/\/promz.be\/fr\/product\/barre-fourre-de-chocolat\/","title":{"rendered":"Barre fourre de chocolat"},"content":{"rendered":"<p><strong>2080 pc. 1 couleur: \u20ac 1,20 la pi\u00e8ce. Co\u00fbt clich\u00e9 1 couleur: \u20ac 62,00<\/strong><\/p>\n<p>Barre au chocolat farci emball\u00e9 dans une banderole du couleur argent ou d &#8216;or et puis emball\u00e9 dans une banderole imprim\u00e9 avec v\u00f4tre logo ou texte.<\/p>\n","protected":false},"excerpt":{"rendered":"<p><strong>2080 pc. 1 couleur: \u20ac 1,20 la pi\u00e8ce. Co\u00fbt clich\u00e9 1 couleur: \u20ac 62,00<\/strong><\/p>\n<p>Barre au chocolat farci emball\u00e9 dans une banderole du couleur argent ou d &#8216;or et puis emball\u00e9 dans une banderole imprim\u00e9 avec v\u00f4tre logo ou texte. [&#8230;]<\/p>\n<p><a class=\"btn btn-secondary understrap-read-more-link\" href=\"https:\/\/promz.be\/fr\/product\/barre-fourre-de-chocolat\/\">Lire la suite&#8230;<\/a><\/p>\n","protected":false},"featured_media":7353,"comment_status":"closed","ping_status":"open","template":"","meta":[],"product_cat":[8745],"product_tag":[3264,3265,1682],"_links":{"self":[{"href":"https:\/\/promz.be\/fr\/wp-json\/wp\/v2\/product\/9621"}],"collection":[{"href":"https:\/\/promz.be\/fr\/wp-json\/wp\/v2\/product"}],"about":[{"href":"https:\/\/promz.be\/fr\/wp-json\/wp\/v2\/types\/product"}],"replies":[{"embeddable":true,"href":"https:\/\/promz.be\/fr\/wp-json\/wp\/v2\/comments?post=9621"}],"wp:featuredmedia":[{"embeddable":true,"href":"https:\/\/promz.be\/fr\/wp-json\/wp\/v2\/media\/7353"}],"wp:attachment":[{"href":"https:\/\/promz.be\/fr\/wp-json\/wp\/v2\/media?parent=9621"}],"wp:term":[{"taxonomy":"product_cat","embeddable":true,"href":"https:\/\/promz.be\/fr\/wp-json\/wp\/v2\/product_cat?post=9621"},{"taxonomy":"product_tag","embeddable":true,"href":"https:\/\/promz.be\/fr\/wp-json\/wp\/v2\/product_tag?post=9621"}],"curies":[{"name":"wp","href":"https:\/\/api.w.org\/{rel}","templated":true}]}}