{"id":9622,"date":"2017-08-24T00:00:00","date_gmt":"2017-06-19T00:00:00","guid":{"rendered":"https:\/\/promz.be\/product\/pp-4\/"},"modified":"2017-06-19T00:00:00","modified_gmt":"2017-06-19T00:00:00","slug":"pp-4","status":"publish","type":"product","link":"https:\/\/promz.be\/fr\/product\/pp-4\/","title":{"rendered":"PP-4"},"content":{"rendered":"<p><strong>480 pc.: \u20ac 2,67 la pi\u00e8ce. Co\u00fbt clich\u00e9 1 couleur: \u20ac 160,00 (couleurs jaune, blanc, brun ou noir)<\/strong><\/p>\n<p>Bo\u00eete de cadeau avec 4 logopralines.<\/p>\n","protected":false},"excerpt":{"rendered":"<p><strong>480 pc.: \u20ac 2,67 la pi\u00e8ce. Co\u00fbt clich\u00e9 1 couleur: \u20ac 160,00 (couleurs jaune, blanc, brun ou noir)<\/strong><\/p>\n<p>Bo\u00eete de cadeau avec 4 logopralines. [&#8230;]<\/p>\n<p><a class=\"btn btn-secondary understrap-read-more-link\" href=\"https:\/\/promz.be\/fr\/product\/pp-4\/\">Lire la suite&#8230;<\/a><\/p>\n","protected":false},"featured_media":7348,"comment_status":"closed","ping_status":"open","template":"","meta":[],"product_cat":[947,977,957],"product_tag":[],"_links":{"self":[{"href":"https:\/\/promz.be\/fr\/wp-json\/wp\/v2\/product\/9622"}],"collection":[{"href":"https:\/\/promz.be\/fr\/wp-json\/wp\/v2\/product"}],"about":[{"href":"https:\/\/promz.be\/fr\/wp-json\/wp\/v2\/types\/product"}],"replies":[{"embeddable":true,"href":"https:\/\/promz.be\/fr\/wp-json\/wp\/v2\/comments?post=9622"}],"wp:featuredmedia":[{"embeddable":true,"href":"https:\/\/promz.be\/fr\/wp-json\/wp\/v2\/media\/7348"}],"wp:attachment":[{"href":"https:\/\/promz.be\/fr\/wp-json\/wp\/v2\/media?parent=9622"}],"wp:term":[{"taxonomy":"product_cat","embeddable":true,"href":"https:\/\/promz.be\/fr\/wp-json\/wp\/v2\/product_cat?post=9622"},{"taxonomy":"product_tag","embeddable":true,"href":"https:\/\/promz.be\/fr\/wp-json\/wp\/v2\/product_tag?post=9622"}],"curies":[{"name":"wp","href":"https:\/\/api.w.org\/{rel}","templated":true}]}}