{"id":9623,"date":"2017-06-20T00:00:00","date_gmt":"2017-06-20T00:00:00","guid":{"rendered":"https:\/\/promz.be\/product\/rouleau-de-tablets-de-fruit\/"},"modified":"2017-06-20T00:00:00","modified_gmt":"2017-06-20T00:00:00","slug":"rouleau-de-tablets-de-fruit","status":"publish","type":"product","link":"https:\/\/promz.be\/fr\/product\/rouleau-de-tablets-de-fruit\/","title":{"rendered":"Rouleau de tablets de fruit"},"content":{"rendered":"<p><strong>5,000 pc. 1 couleur \u20ac 323,70 la 1.000 pi\u00e8ces. Co\u00fbt clich\u00e9 1 couleur: \u20ac 62,00<\/strong><\/p>\n<p>14 tablets frais de menthe ou de fruit dans. Le rouleau p\u00e8se 21 gr. Les ingredients de cette produit sont tous du culture BIOLOGIQUE certific\u00e9! La banderole sera imprim\u00e9 avec v\u00f4tre logo ou texte.<\/p>\n","protected":false},"excerpt":{"rendered":"<p><strong>5,000 pc. 1 couleur \u20ac 323,70 la 1.000 pi\u00e8ces. Co\u00fbt clich\u00e9 1 couleur: \u20ac 62,00<\/strong><\/p>\n<p>14 tablets frais de menthe ou de fruit dans. Le rouleau p\u00e8se 21 gr. Les ingredients de cette produit sont tous du culture BIOLOGIQUE certific\u00e9! La banderole sera imprim\u00e9 avec v\u00f4tre logo ou texte. [&#8230;]<\/p>\n<p><a class=\"btn btn-secondary understrap-read-more-link\" href=\"https:\/\/promz.be\/fr\/product\/rouleau-de-tablets-de-fruit\/\">Lire la suite&#8230;<\/a><\/p>\n","protected":false},"featured_media":7504,"comment_status":"closed","ping_status":"open","template":"","meta":[],"product_cat":[8745],"product_tag":[3273,3265,3274,3275],"_links":{"self":[{"href":"https:\/\/promz.be\/fr\/wp-json\/wp\/v2\/product\/9623"}],"collection":[{"href":"https:\/\/promz.be\/fr\/wp-json\/wp\/v2\/product"}],"about":[{"href":"https:\/\/promz.be\/fr\/wp-json\/wp\/v2\/types\/product"}],"replies":[{"embeddable":true,"href":"https:\/\/promz.be\/fr\/wp-json\/wp\/v2\/comments?post=9623"}],"wp:featuredmedia":[{"embeddable":true,"href":"https:\/\/promz.be\/fr\/wp-json\/wp\/v2\/media\/7504"}],"wp:attachment":[{"href":"https:\/\/promz.be\/fr\/wp-json\/wp\/v2\/media?parent=9623"}],"wp:term":[{"taxonomy":"product_cat","embeddable":true,"href":"https:\/\/promz.be\/fr\/wp-json\/wp\/v2\/product_cat?post=9623"},{"taxonomy":"product_tag","embeddable":true,"href":"https:\/\/promz.be\/fr\/wp-json\/wp\/v2\/product_tag?post=9623"}],"curies":[{"name":"wp","href":"https:\/\/api.w.org\/{rel}","templated":true}]}}