{"id":9624,"date":"2017-06-19T00:00:00","date_gmt":"2017-06-19T00:00:00","guid":{"rendered":"https:\/\/promz.be\/product\/gomme-a-macher-mentos\/"},"modified":"2017-06-19T00:00:00","modified_gmt":"2017-06-19T00:00:00","slug":"gomme-a-macher-mentos","status":"publish","type":"product","link":"https:\/\/promz.be\/fr\/product\/gomme-a-macher-mentos\/","title":{"rendered":"Gomme \u00e0 m\u00e2cher Mentos"},"content":{"rendered":"<p><strong>500 pc. 1 couleur: \u20ac 1,15 la pi\u00e8ce. Co\u00fbt clich\u00e9 1 couleur: \u20ac 62,00<\/strong><\/p>\n<p>Ampoule avec 12 gommes \u00e0 m\u00e2cher Mentos. L&#8217;ampoule sera imprim\u00e9 avec v\u00f4tre logo ou texte.<\/p>\n","protected":false},"excerpt":{"rendered":"<p><strong>500 pc. 1 couleur: \u20ac 1,15 la pi\u00e8ce. Co\u00fbt clich\u00e9 1 couleur: \u20ac 62,00<\/strong><\/p>\n<p>Ampoule avec 12 gommes \u00e0 m\u00e2cher Mentos. L&#8217;ampoule sera imprim\u00e9 avec v\u00f4tre logo ou texte. [&#8230;]<\/p>\n<p><a class=\"btn btn-secondary understrap-read-more-link\" href=\"https:\/\/promz.be\/fr\/product\/gomme-a-macher-mentos\/\">Lire la suite&#8230;<\/a><\/p>\n","protected":false},"featured_media":7520,"comment_status":"closed","ping_status":"open","template":"","meta":[],"product_cat":[8745],"product_tag":[3276,3277],"_links":{"self":[{"href":"https:\/\/promz.be\/fr\/wp-json\/wp\/v2\/product\/9624"}],"collection":[{"href":"https:\/\/promz.be\/fr\/wp-json\/wp\/v2\/product"}],"about":[{"href":"https:\/\/promz.be\/fr\/wp-json\/wp\/v2\/types\/product"}],"replies":[{"embeddable":true,"href":"https:\/\/promz.be\/fr\/wp-json\/wp\/v2\/comments?post=9624"}],"wp:featuredmedia":[{"embeddable":true,"href":"https:\/\/promz.be\/fr\/wp-json\/wp\/v2\/media\/7520"}],"wp:attachment":[{"href":"https:\/\/promz.be\/fr\/wp-json\/wp\/v2\/media?parent=9624"}],"wp:term":[{"taxonomy":"product_cat","embeddable":true,"href":"https:\/\/promz.be\/fr\/wp-json\/wp\/v2\/product_cat?post=9624"},{"taxonomy":"product_tag","embeddable":true,"href":"https:\/\/promz.be\/fr\/wp-json\/wp\/v2\/product_tag?post=9624"}],"curies":[{"name":"wp","href":"https:\/\/api.w.org\/{rel}","templated":true}]}}