{"id":9625,"date":"2017-06-19T00:00:00","date_gmt":"2017-06-19T00:00:00","guid":{"rendered":"https:\/\/promz.be\/product\/jeu-de-chocolat\/"},"modified":"2017-06-19T00:00:00","modified_gmt":"2017-06-19T00:00:00","slug":"jeu-de-chocolat","status":"publish","type":"product","link":"https:\/\/promz.be\/fr\/product\/jeu-de-chocolat\/","title":{"rendered":"Jeu de chocolat"},"content":{"rendered":"<p><strong>600 pc.: \u20ac 2,29 la pi\u00e8ce. Co\u00fbt clich\u00e9 1 couleur: \u20ac 160,00 (couleurs jaune, blanc, brun ou noir)<\/strong><\/p>\n<p>Tablet de chocolat ronde avec 3 petit trous. Le jeu contiens 3 petit boules qui seront \u00eatre jou\u00e9 dans les trous. Le tablet sera imprim\u00e9 avec v\u00f4tre logo ou texte et emball\u00e9 dans un plateau en plastique transparant.<\/p>\n","protected":false},"excerpt":{"rendered":"<p><strong>600 pc.: \u20ac 2,29 la pi\u00e8ce. Co\u00fbt clich\u00e9 1 couleur: \u20ac 160,00 (couleurs jaune, blanc, brun ou noir)<\/strong><\/p>\n<p>Tablet de chocolat ronde avec 3 petit trous. Le jeu contiens 3 petit boules qui seront \u00eatre jou\u00e9 dans les trous. Le tablet sera imprim\u00e9 avec v\u00f4tre logo ou texte et emball\u00e9 dans un plateau en plastique transparant. [&#8230;]<\/p>\n<p><a class=\"btn btn-secondary understrap-read-more-link\" href=\"https:\/\/promz.be\/fr\/product\/jeu-de-chocolat\/\">Lire la suite&#8230;<\/a><\/p>\n","protected":false},"featured_media":7356,"comment_status":"closed","ping_status":"open","template":"","meta":[],"product_cat":[8745],"product_tag":[1594,1049,1682],"_links":{"self":[{"href":"https:\/\/promz.be\/fr\/wp-json\/wp\/v2\/product\/9625"}],"collection":[{"href":"https:\/\/promz.be\/fr\/wp-json\/wp\/v2\/product"}],"about":[{"href":"https:\/\/promz.be\/fr\/wp-json\/wp\/v2\/types\/product"}],"replies":[{"embeddable":true,"href":"https:\/\/promz.be\/fr\/wp-json\/wp\/v2\/comments?post=9625"}],"wp:featuredmedia":[{"embeddable":true,"href":"https:\/\/promz.be\/fr\/wp-json\/wp\/v2\/media\/7356"}],"wp:attachment":[{"href":"https:\/\/promz.be\/fr\/wp-json\/wp\/v2\/media?parent=9625"}],"wp:term":[{"taxonomy":"product_cat","embeddable":true,"href":"https:\/\/promz.be\/fr\/wp-json\/wp\/v2\/product_cat?post=9625"},{"taxonomy":"product_tag","embeddable":true,"href":"https:\/\/promz.be\/fr\/wp-json\/wp\/v2\/product_tag?post=9625"}],"curies":[{"name":"wp","href":"https:\/\/api.w.org\/{rel}","templated":true}]}}