{"id":9626,"date":"2017-06-13T00:00:00","date_gmt":"2017-06-19T00:00:00","guid":{"rendered":"https:\/\/promz.be\/product\/carres-de-chocolat\/"},"modified":"2017-06-19T00:00:00","modified_gmt":"2017-06-19T00:00:00","slug":"carres-de-chocolat","status":"publish","type":"product","link":"https:\/\/promz.be\/fr\/product\/carres-de-chocolat\/","title":{"rendered":"Carr\u00e9&#8217;s de chocolat"},"content":{"rendered":"<p><strong>9,360 pc. 1 couleur: \u20ac 10,99 la 100 pi\u00e8ces. Co\u00fbt clich\u00e9 1 couleur: \u20ac 62,00<\/strong><\/p>\n<p>Chocolat du forme carr\u00e9 du premier qualit\u00e9 pur ou lait. Le carr\u00e9 est emball\u00e9 dans une banderole du couleur argent ou d &#8216;or et puis emball\u00e9 dans une banderole imprim\u00e9 avec v\u00f4tre logo ou texte.<\/p>\n","protected":false},"excerpt":{"rendered":"<p><strong>9,360 pc. 1 couleur: \u20ac 10,99 la 100 pi\u00e8ces. Co\u00fbt clich\u00e9 1 couleur: \u20ac 62,00<\/strong><\/p>\n<p>Chocolat du forme carr\u00e9 du premier qualit\u00e9 pur ou lait. Le carr\u00e9 est emball\u00e9 dans une banderole du couleur argent ou d &#8216;or et puis emball\u00e9 dans une banderole imprim\u00e9 avec v\u00f4tre logo ou texte. [&#8230;]<\/p>\n<p><a class=\"btn btn-secondary understrap-read-more-link\" href=\"https:\/\/promz.be\/fr\/product\/carres-de-chocolat\/\">Lire la suite&#8230;<\/a><\/p>\n","protected":false},"featured_media":7339,"comment_status":"closed","ping_status":"open","template":"","meta":[],"product_cat":[947,977,957],"product_tag":[],"_links":{"self":[{"href":"https:\/\/promz.be\/fr\/wp-json\/wp\/v2\/product\/9626"}],"collection":[{"href":"https:\/\/promz.be\/fr\/wp-json\/wp\/v2\/product"}],"about":[{"href":"https:\/\/promz.be\/fr\/wp-json\/wp\/v2\/types\/product"}],"replies":[{"embeddable":true,"href":"https:\/\/promz.be\/fr\/wp-json\/wp\/v2\/comments?post=9626"}],"wp:featuredmedia":[{"embeddable":true,"href":"https:\/\/promz.be\/fr\/wp-json\/wp\/v2\/media\/7339"}],"wp:attachment":[{"href":"https:\/\/promz.be\/fr\/wp-json\/wp\/v2\/media?parent=9626"}],"wp:term":[{"taxonomy":"product_cat","embeddable":true,"href":"https:\/\/promz.be\/fr\/wp-json\/wp\/v2\/product_cat?post=9626"},{"taxonomy":"product_tag","embeddable":true,"href":"https:\/\/promz.be\/fr\/wp-json\/wp\/v2\/product_tag?post=9626"}],"curies":[{"name":"wp","href":"https:\/\/api.w.org\/{rel}","templated":true}]}}