{"id":9627,"date":"2017-06-19T00:00:00","date_gmt":"2017-06-19T00:00:00","guid":{"rendered":"https:\/\/promz.be\/product\/mini-canette-nostalgie-blanc\/"},"modified":"2017-06-19T00:00:00","modified_gmt":"2017-06-19T00:00:00","slug":"mini-canette-nostalgie-blanc","status":"publish","type":"product","link":"https:\/\/promz.be\/fr\/product\/mini-canette-nostalgie-blanc\/","title":{"rendered":"Mini canette &#8221;nostalgie&#8221;, blanc"},"content":{"rendered":"<p><strong>96 pc. FC: \u20ac 1,56 la pi\u00e8ce. Co\u00fbts clich\u00e9 1 couleur: \u20ac 50,00<\/strong><\/p>\n<p>Mini canette rectangle avec un couvercle charni\u00e8re. Le couvercle sera imprim\u00e9 avec v\u00f4tre logo ou texte en full colour et remplit avec ca. 23 gr. de tablets de menthe ou tablets de menthe sans sucre (co\u00fbt suppl\u00e9mentaire)<\/p>\n","protected":false},"excerpt":{"rendered":"<p><strong>96 pc. FC: \u20ac 1,56 la pi\u00e8ce. Co\u00fbts clich\u00e9 1 couleur: \u20ac 50,00<\/strong><\/p>\n<p>Mini canette rectangle avec un couvercle charni\u00e8re. Le couvercle sera imprim\u00e9 avec v\u00f4tre logo ou texte en full colour et remplit avec ca. 23 gr. de tablets de menthe ou tablets de menthe sans sucre (co\u00fbt suppl\u00e9mentaire) [&#8230;]<\/p>\n<p><a class=\"btn btn-secondary understrap-read-more-link\" href=\"https:\/\/promz.be\/fr\/product\/mini-canette-nostalgie-blanc\/\">Lire la suite&#8230;<\/a><\/p>\n","protected":false},"featured_media":7523,"comment_status":"closed","ping_status":"open","template":"","meta":[],"product_cat":[8745],"product_tag":[3270,3278,3265,3274],"_links":{"self":[{"href":"https:\/\/promz.be\/fr\/wp-json\/wp\/v2\/product\/9627"}],"collection":[{"href":"https:\/\/promz.be\/fr\/wp-json\/wp\/v2\/product"}],"about":[{"href":"https:\/\/promz.be\/fr\/wp-json\/wp\/v2\/types\/product"}],"replies":[{"embeddable":true,"href":"https:\/\/promz.be\/fr\/wp-json\/wp\/v2\/comments?post=9627"}],"wp:featuredmedia":[{"embeddable":true,"href":"https:\/\/promz.be\/fr\/wp-json\/wp\/v2\/media\/7523"}],"wp:attachment":[{"href":"https:\/\/promz.be\/fr\/wp-json\/wp\/v2\/media?parent=9627"}],"wp:term":[{"taxonomy":"product_cat","embeddable":true,"href":"https:\/\/promz.be\/fr\/wp-json\/wp\/v2\/product_cat?post=9627"},{"taxonomy":"product_tag","embeddable":true,"href":"https:\/\/promz.be\/fr\/wp-json\/wp\/v2\/product_tag?post=9627"}],"curies":[{"name":"wp","href":"https:\/\/api.w.org\/{rel}","templated":true}]}}