{"id":9628,"date":"2017-06-06T00:00:00","date_gmt":"2017-06-06T00:00:00","guid":{"rendered":"https:\/\/promz.be\/product\/rouleau-de-tablets-de-menthe-9-tablets\/"},"modified":"2017-06-06T00:00:00","modified_gmt":"2017-06-06T00:00:00","slug":"rouleau-de-tablets-de-menthe-9-tablets","status":"publish","type":"product","link":"https:\/\/promz.be\/fr\/product\/rouleau-de-tablets-de-menthe-9-tablets\/","title":{"rendered":"Rouleau de tablets de menthe 9 tablets"},"content":{"rendered":"<p>9 tablets frais de menthe ou de fruit. Le rouleau p\u00e8se 5 gr. La banderole sera imprim\u00e9 avec v\u00f4tre logo ou texte. 10,000 1 couleur \u20ac 73,00 la 1.000 pi\u00e8ces. Co\u00fbt clich\u00e9 1 couleur: \u20ac 62,00<\/p>\n","protected":false},"excerpt":{"rendered":"<p>9 tablets frais de menthe ou de fruit. Le rouleau p\u00e8se 5 gr. La banderole sera imprim\u00e9 avec v\u00f4tre logo ou texte. 10,000 1 couleur \u20ac 73,00 la 1.000 pi\u00e8ces. Co\u00fbt clich\u00e9 1 couleur: \u20ac 62,00 [&#8230;]<\/p>\n<p><a class=\"btn btn-secondary understrap-read-more-link\" href=\"https:\/\/promz.be\/fr\/product\/rouleau-de-tablets-de-menthe-9-tablets\/\">Lire la suite&#8230;<\/a><\/p>\n","protected":false},"featured_media":7517,"comment_status":"closed","ping_status":"open","template":"","meta":[],"product_cat":[8745],"product_tag":[3273,3265,3274,3275],"_links":{"self":[{"href":"https:\/\/promz.be\/fr\/wp-json\/wp\/v2\/product\/9628"}],"collection":[{"href":"https:\/\/promz.be\/fr\/wp-json\/wp\/v2\/product"}],"about":[{"href":"https:\/\/promz.be\/fr\/wp-json\/wp\/v2\/types\/product"}],"replies":[{"embeddable":true,"href":"https:\/\/promz.be\/fr\/wp-json\/wp\/v2\/comments?post=9628"}],"wp:featuredmedia":[{"embeddable":true,"href":"https:\/\/promz.be\/fr\/wp-json\/wp\/v2\/media\/7517"}],"wp:attachment":[{"href":"https:\/\/promz.be\/fr\/wp-json\/wp\/v2\/media?parent=9628"}],"wp:term":[{"taxonomy":"product_cat","embeddable":true,"href":"https:\/\/promz.be\/fr\/wp-json\/wp\/v2\/product_cat?post=9628"},{"taxonomy":"product_tag","embeddable":true,"href":"https:\/\/promz.be\/fr\/wp-json\/wp\/v2\/product_tag?post=9628"}],"curies":[{"name":"wp","href":"https:\/\/api.w.org\/{rel}","templated":true}]}}