{"id":9630,"date":"2017-06-08T00:00:00","date_gmt":"2017-06-08T00:00:00","guid":{"rendered":"https:\/\/promz.be\/product\/flow-pack-mentos\/"},"modified":"2017-06-08T00:00:00","modified_gmt":"2017-06-08T00:00:00","slug":"flow-pack-mentos","status":"publish","type":"product","link":"https:\/\/promz.be\/fr\/product\/flow-pack-mentos\/","title":{"rendered":"Flow pack Mentos"},"content":{"rendered":"<p>1 tablet de Mentos mint ou fruit emball\u00e9 individuellement dans feuille transparant. La feuille sera imprim\u00e9 avec v\u00f4tre logo ou texte. 20,000 1 couleur: \u20ac 78,90 la 1.000 pi\u00e8ces. Co\u00fbt clich\u00e9 1 couleur PMS: \u20ac 100,00.<\/p>\n","protected":false},"excerpt":{"rendered":"<p>1 tablet de Mentos mint ou fruit emball\u00e9 individuellement dans feuille transparant. La feuille sera imprim\u00e9 avec v\u00f4tre logo ou texte. 20,000 1 couleur: \u20ac 78,90 la 1.000 pi\u00e8ces. Co\u00fbt clich\u00e9 1 couleur PMS: \u20ac 100,00. [&#8230;]<\/p>\n<p><a class=\"btn btn-secondary understrap-read-more-link\" href=\"https:\/\/promz.be\/fr\/product\/flow-pack-mentos\/\">Lire la suite&#8230;<\/a><\/p>\n","protected":false},"featured_media":7320,"comment_status":"closed","ping_status":"open","template":"","meta":[],"product_cat":[8745],"product_tag":[1832,3273,3265,3274,1834],"_links":{"self":[{"href":"https:\/\/promz.be\/fr\/wp-json\/wp\/v2\/product\/9630"}],"collection":[{"href":"https:\/\/promz.be\/fr\/wp-json\/wp\/v2\/product"}],"about":[{"href":"https:\/\/promz.be\/fr\/wp-json\/wp\/v2\/types\/product"}],"replies":[{"embeddable":true,"href":"https:\/\/promz.be\/fr\/wp-json\/wp\/v2\/comments?post=9630"}],"wp:featuredmedia":[{"embeddable":true,"href":"https:\/\/promz.be\/fr\/wp-json\/wp\/v2\/media\/7320"}],"wp:attachment":[{"href":"https:\/\/promz.be\/fr\/wp-json\/wp\/v2\/media?parent=9630"}],"wp:term":[{"taxonomy":"product_cat","embeddable":true,"href":"https:\/\/promz.be\/fr\/wp-json\/wp\/v2\/product_cat?post=9630"},{"taxonomy":"product_tag","embeddable":true,"href":"https:\/\/promz.be\/fr\/wp-json\/wp\/v2\/product_tag?post=9630"}],"curies":[{"name":"wp","href":"https:\/\/api.w.org\/{rel}","templated":true}]}}