{"id":9631,"date":"2017-06-19T00:00:00","date_gmt":"2017-06-19T00:00:00","guid":{"rendered":"https:\/\/promz.be\/product\/pieces-de-monnaie-de-chocolat\/"},"modified":"2017-06-19T00:00:00","modified_gmt":"2017-06-19T00:00:00","slug":"pieces-de-monnaie-de-chocolat","status":"publish","type":"product","link":"https:\/\/promz.be\/fr\/product\/pieces-de-monnaie-de-chocolat\/","title":{"rendered":"Pi\u00e8ces de monnaie de chocolat"},"content":{"rendered":"<p>38 mm 24,050 pc: \u20ac 0,113 la pi\u00e8ce. 75 mm 10,800 pc.: \u20ac 0,43 la pi\u00e8ce. 100 mm. 1040 pc.: \u20ac 1,71 la pi\u00e8ce. Co\u00fbt clich\u00e9 par c\u00f4t\u00e9: \u20ac 200,00<\/p>\n<p>Monnaie de chocolat pourvait a une ou deux c\u00f4t\u00e9s d&#8217; une logo ou texte en reli\u00ebf. Aussi disponible sont les pi\u00e8ces de monnaie &#8221;Euro&#8221; standard.<\/p>\n","protected":false},"excerpt":{"rendered":"<p>38 mm 24,050 pc: \u20ac 0,113 la pi\u00e8ce. 75 mm 10,800 pc.: \u20ac 0,43 la pi\u00e8ce. 100 mm. 1040 pc.: \u20ac 1,71 la pi\u00e8ce. Co\u00fbt clich\u00e9 par c\u00f4t\u00e9: \u20ac 200,00<\/p>\n<p>Monnaie de chocolat pourvait a une ou deux c\u00f4t\u00e9s d&#8217; une logo ou texte en reli\u00ebf. Aussi disponible sont les pi\u00e8ces de monnaie &#8221;Euro&#8221; standard. [&#8230;]<\/p>\n<p><a class=\"btn btn-secondary understrap-read-more-link\" href=\"https:\/\/promz.be\/fr\/product\/pieces-de-monnaie-de-chocolat\/\">Lire la suite&#8230;<\/a><\/p>\n","protected":false},"featured_media":7362,"comment_status":"closed","ping_status":"open","template":"","meta":[],"product_cat":[8745],"product_tag":[3264,3265,1682],"_links":{"self":[{"href":"https:\/\/promz.be\/fr\/wp-json\/wp\/v2\/product\/9631"}],"collection":[{"href":"https:\/\/promz.be\/fr\/wp-json\/wp\/v2\/product"}],"about":[{"href":"https:\/\/promz.be\/fr\/wp-json\/wp\/v2\/types\/product"}],"replies":[{"embeddable":true,"href":"https:\/\/promz.be\/fr\/wp-json\/wp\/v2\/comments?post=9631"}],"wp:featuredmedia":[{"embeddable":true,"href":"https:\/\/promz.be\/fr\/wp-json\/wp\/v2\/media\/7362"}],"wp:attachment":[{"href":"https:\/\/promz.be\/fr\/wp-json\/wp\/v2\/media?parent=9631"}],"wp:term":[{"taxonomy":"product_cat","embeddable":true,"href":"https:\/\/promz.be\/fr\/wp-json\/wp\/v2\/product_cat?post=9631"},{"taxonomy":"product_tag","embeddable":true,"href":"https:\/\/promz.be\/fr\/wp-json\/wp\/v2\/product_tag?post=9631"}],"curies":[{"name":"wp","href":"https:\/\/api.w.org\/{rel}","templated":true}]}}