{"id":9634,"date":"2017-06-19T00:00:00","date_gmt":"2017-06-19T00:00:00","guid":{"rendered":"https:\/\/promz.be\/product\/sac-a-bouteille\/"},"modified":"2017-06-19T00:00:00","modified_gmt":"2017-06-19T00:00:00","slug":"sac-a-bouteille","status":"publish","type":"product","link":"https:\/\/promz.be\/fr\/product\/sac-a-bouteille\/","title":{"rendered":"Sac \u00e0 bouteille"},"content":{"rendered":"<p>Sac tranparant ou blanc. Le c\u00f4t\u00e9 superieure est rond et contient un trout circulaire pour qu&#8217;on peut le mettre autour d&#8217;une bouteille. Le sac sera remplis avec reglisse original &#8221;Autodrop&#8221; et imprim\u00e9 avec v\u00f4tre logo ou texte. Si on choix des sacs transparant, on calcule 1 couleur suppl\u00e9mentaire.<\/p>\n","protected":false},"excerpt":{"rendered":"<p>Sac tranparant ou blanc. Le c\u00f4t\u00e9 superieure est rond et contient un trout circulaire pour qu&#8217;on peut le mettre autour d&#8217;une bouteille. Le sac sera remplis avec reglisse original &#8221;Autodrop&#8221; et imprim\u00e9 avec v\u00f4tre logo ou texte. Si on choix des sacs transparant, on calcule 1 couleur suppl\u00e9mentaire. [&#8230;]<\/p>\n<p><a class=\"btn btn-secondary understrap-read-more-link\" href=\"https:\/\/promz.be\/fr\/product\/sac-a-bouteille\/\">Lire la suite&#8230;<\/a><\/p>\n","protected":false},"featured_media":6624,"comment_status":"closed","ping_status":"open","template":"","meta":[],"product_cat":[8745],"product_tag":[1595,3282,3280],"_links":{"self":[{"href":"https:\/\/promz.be\/fr\/wp-json\/wp\/v2\/product\/9634"}],"collection":[{"href":"https:\/\/promz.be\/fr\/wp-json\/wp\/v2\/product"}],"about":[{"href":"https:\/\/promz.be\/fr\/wp-json\/wp\/v2\/types\/product"}],"replies":[{"embeddable":true,"href":"https:\/\/promz.be\/fr\/wp-json\/wp\/v2\/comments?post=9634"}],"wp:featuredmedia":[{"embeddable":true,"href":"https:\/\/promz.be\/fr\/wp-json\/wp\/v2\/media\/6624"}],"wp:attachment":[{"href":"https:\/\/promz.be\/fr\/wp-json\/wp\/v2\/media?parent=9634"}],"wp:term":[{"taxonomy":"product_cat","embeddable":true,"href":"https:\/\/promz.be\/fr\/wp-json\/wp\/v2\/product_cat?post=9634"},{"taxonomy":"product_tag","embeddable":true,"href":"https:\/\/promz.be\/fr\/wp-json\/wp\/v2\/product_tag?post=9634"}],"curies":[{"name":"wp","href":"https:\/\/api.w.org\/{rel}","templated":true}]}}