{"id":9635,"date":"2017-06-19T00:00:00","date_gmt":"2017-06-19T00:00:00","guid":{"rendered":"https:\/\/promz.be\/product\/facade-d-une-maison-historique-de-chocolat\/"},"modified":"2017-06-19T00:00:00","modified_gmt":"2017-06-19T00:00:00","slug":"facade-d-une-maison-historique-de-chocolat","status":"publish","type":"product","link":"https:\/\/promz.be\/fr\/product\/facade-d-une-maison-historique-de-chocolat\/","title":{"rendered":"Fa\u00e7ade d une maison historique de chocolat"},"content":{"rendered":"<p>Tablet de chocolade pur ou lait. La forme est une fa\u00e7ade de 4 maisons historiques. Le tablet sera emball\u00e9 dans feuille transparant avec une carte imprim\u00e9 avec v\u00f4tre logo ou texte.<\/p>\n","protected":false},"excerpt":{"rendered":"<p>Tablet de chocolade pur ou lait. La forme est une fa\u00e7ade de 4 maisons historiques. Le tablet sera emball\u00e9 dans feuille transparant avec une carte imprim\u00e9 avec v\u00f4tre logo ou texte. [&#8230;]<\/p>\n<p><a class=\"btn btn-secondary understrap-read-more-link\" href=\"https:\/\/promz.be\/fr\/product\/facade-d-une-maison-historique-de-chocolat\/\">Lire la suite&#8230;<\/a><\/p>\n","protected":false},"featured_media":7350,"comment_status":"closed","ping_status":"open","template":"","meta":[],"product_cat":[8745],"product_tag":[3264,3265,1682],"_links":{"self":[{"href":"https:\/\/promz.be\/fr\/wp-json\/wp\/v2\/product\/9635"}],"collection":[{"href":"https:\/\/promz.be\/fr\/wp-json\/wp\/v2\/product"}],"about":[{"href":"https:\/\/promz.be\/fr\/wp-json\/wp\/v2\/types\/product"}],"replies":[{"embeddable":true,"href":"https:\/\/promz.be\/fr\/wp-json\/wp\/v2\/comments?post=9635"}],"wp:featuredmedia":[{"embeddable":true,"href":"https:\/\/promz.be\/fr\/wp-json\/wp\/v2\/media\/7350"}],"wp:attachment":[{"href":"https:\/\/promz.be\/fr\/wp-json\/wp\/v2\/media?parent=9635"}],"wp:term":[{"taxonomy":"product_cat","embeddable":true,"href":"https:\/\/promz.be\/fr\/wp-json\/wp\/v2\/product_cat?post=9635"},{"taxonomy":"product_tag","embeddable":true,"href":"https:\/\/promz.be\/fr\/wp-json\/wp\/v2\/product_tag?post=9635"}],"curies":[{"name":"wp","href":"https:\/\/api.w.org\/{rel}","templated":true}]}}