{"id":9636,"date":"2017-06-19T00:00:00","date_gmt":"2017-06-19T00:00:00","guid":{"rendered":"https:\/\/promz.be\/product\/maison-historique-emballe-dans-feuille-transparant\/"},"modified":"2017-06-19T00:00:00","modified_gmt":"2017-06-19T00:00:00","slug":"maison-historique-emballe-dans-feuille-transparant","status":"publish","type":"product","link":"https:\/\/promz.be\/fr\/product\/maison-historique-emballe-dans-feuille-transparant\/","title":{"rendered":"Maison historique emball\u00e9 dans feuille transparant"},"content":{"rendered":"<p>Tablet de chocolat pur ou lait. Cette produit est une fa\u00e7ade de 1 maison historique emball\u00e9 individuellement.<\/p>\n","protected":false},"excerpt":{"rendered":"<p>Tablet de chocolat pur ou lait. Cette produit est une fa\u00e7ade de 1 maison historique emball\u00e9 individuellement. [&#8230;]<\/p>\n<p><a class=\"btn btn-secondary understrap-read-more-link\" href=\"https:\/\/promz.be\/fr\/product\/maison-historique-emballe-dans-feuille-transparant\/\">Lire la suite&#8230;<\/a><\/p>\n","protected":false},"featured_media":7341,"comment_status":"closed","ping_status":"open","template":"","meta":[],"product_cat":[8745],"product_tag":[3264,3265,1682],"_links":{"self":[{"href":"https:\/\/promz.be\/fr\/wp-json\/wp\/v2\/product\/9636"}],"collection":[{"href":"https:\/\/promz.be\/fr\/wp-json\/wp\/v2\/product"}],"about":[{"href":"https:\/\/promz.be\/fr\/wp-json\/wp\/v2\/types\/product"}],"replies":[{"embeddable":true,"href":"https:\/\/promz.be\/fr\/wp-json\/wp\/v2\/comments?post=9636"}],"wp:featuredmedia":[{"embeddable":true,"href":"https:\/\/promz.be\/fr\/wp-json\/wp\/v2\/media\/7341"}],"wp:attachment":[{"href":"https:\/\/promz.be\/fr\/wp-json\/wp\/v2\/media?parent=9636"}],"wp:term":[{"taxonomy":"product_cat","embeddable":true,"href":"https:\/\/promz.be\/fr\/wp-json\/wp\/v2\/product_cat?post=9636"},{"taxonomy":"product_tag","embeddable":true,"href":"https:\/\/promz.be\/fr\/wp-json\/wp\/v2\/product_tag?post=9636"}],"curies":[{"name":"wp","href":"https:\/\/api.w.org\/{rel}","templated":true}]}}