{"id":9641,"date":"2017-06-12T00:00:00","date_gmt":"2017-06-12T00:00:00","guid":{"rendered":"https:\/\/promz.be\/product\/duo-luggagemate\/"},"modified":"2017-06-12T00:00:00","modified_gmt":"2017-06-12T00:00:00","slug":"duo-luggagemate","status":"publish","type":"product","link":"https:\/\/promz.be\/fr\/product\/duo-luggagemate\/","title":{"rendered":"Duo LuggageMate"},"content":{"rendered":"<p><strong> Propre fabrication ! La sangle duo LuggageMate et une sangle \u00e0 bagages multifonctionnelle intelligente.<\/strong><br \/>\n<strong> Elle se compose d\u2019une double sangle (pour une s\u00e9curit\u00e9 accrue), d\u2019une balance num\u00e9rique int\u00e9gr\u00e9e qui vous permet de peser votre valise, d\u2019une serrure TSA avec combinaison \u00e0 3 chiffres ainsi que d\u2019un clip pour attacher un sac de voyage.<\/strong><\/p>\n<p>\u00c9vitez un exc\u00e8s de poids et des frais suppl\u00e9mentaires \u00e0 l\u2019a\u00e9roport.<\/p>\n<p>Vous pouvez peser votre valise rapidement et facilement. En outre, elle est ais\u00e9ment reconnaissable.<br \/>\nLes sangles \u00e0 bagages peuvent \u00e9galement \u00eatre fabriqu\u00e9es en PET recycl\u00e9.<\/p>\n<p>12 bouteilles en plastique recycl\u00e9 sont utilis\u00e9es pour fabriquer une sangle \u00e0 bagages.<\/p>\n<p><strong>Donn\u00e9es de contact :<\/strong><br \/>\nSmart Travel Goods BV,<br \/>\nSamsonweg 28, 1521 RM, Wormerveer, Nederland<br \/>\n+31(0)75 7200 900<\/p>\n<p><a href=\"http:\/\/www.luggage-mate.com\/\" target=\"_blank\" rel=\"noopener noreferrer\">www.luggage-mate.com<\/a><\/p>\n<p><img loading=\"lazy\" class=\"size-full wp-image-5638 alignnone\" src=\"http:\/\/promobiss.be\/wp-content\/uploads\/2017\/06\/Luggagemate-contact.jpg\" alt=\" width=\"690\" height=\"165\" \/><\/p>\n","protected":false},"excerpt":{"rendered":"<p><strong> Propre fabrication ! La sangle duo LuggageMate et une sangle \u00e0 bagages multifonctionnelle intelligente.<\/strong><br \/>\n<strong> Elle se compose d\u2019une double sangle (pour une s\u00e9curit\u00e9 accrue), d\u2019une balance num\u00e9rique int\u00e9gr\u00e9e qui vous permet de peser votre valise, d\u2019une serrure TSA avec combinaison \u00e0 3 chiffres ainsi que d\u2019un clip pour attacher un sac de voyage.<\/strong><\/p>\n<p>\u00c9vitez un exc\u00e8s de poids et des frais suppl\u00e9mentaires \u00e0 l\u2019a\u00e9roport.<\/p>\n<p>Vous pouvez peser votre valise rapidement et facilement. En outre, elle est ais\u00e9ment reconnaissable.<br \/>\nLes sangles \u00e0 bagages peuvent \u00e9galement \u00eatre fabriqu\u00e9es en PET recycl\u00e9.<\/p>\n<p>12 bouteilles en plastique recycl\u00e9 sont utilis\u00e9es pour fabriquer une sangle \u00e0 bagages.<\/p>\n<p><strong>Donn\u00e9es de contact :<\/strong><br \/>\nSmart Travel Goods BV,<br \/>\nSamsonweg 28, 1521 RM, Wormerveer, Nederland<br \/>\n+31(0)75 7200 900<\/p>\n<p><a href=\"http:\/\/www.luggage-mate.com\/\" target=\"_blank\" rel=\"noopener noreferrer\">www.luggage-mate.com<\/a><\/p>\n<p><img loading=\"lazy\" class=\"size-full wp-image-5638 alignnone\" src=\"http:\/\/promobiss.be\/wp-content\/uploads\/2017\/06\/Luggagemate-contact.jpg\" alt=\" width=\"690\" height=\"165\" \/> [&#8230;]<\/p>\n<p><a class=\"btn btn-secondary understrap-read-more-link\" href=\"https:\/\/promz.be\/fr\/product\/duo-luggagemate\/\">Lire la suite&#8230;<\/a><\/p>\n","protected":false},"featured_media":8422,"comment_status":"closed","ping_status":"open","template":"","meta":[],"product_cat":[1014,954],"product_tag":[],"_links":{"self":[{"href":"https:\/\/promz.be\/fr\/wp-json\/wp\/v2\/product\/9641"}],"collection":[{"href":"https:\/\/promz.be\/fr\/wp-json\/wp\/v2\/product"}],"about":[{"href":"https:\/\/promz.be\/fr\/wp-json\/wp\/v2\/types\/product"}],"replies":[{"embeddable":true,"href":"https:\/\/promz.be\/fr\/wp-json\/wp\/v2\/comments?post=9641"}],"wp:featuredmedia":[{"embeddable":true,"href":"https:\/\/promz.be\/fr\/wp-json\/wp\/v2\/media\/8422"}],"wp:attachment":[{"href":"https:\/\/promz.be\/fr\/wp-json\/wp\/v2\/media?parent=9641"}],"wp:term":[{"taxonomy":"product_cat","embeddable":true,"href":"https:\/\/promz.be\/fr\/wp-json\/wp\/v2\/product_cat?post=9641"},{"taxonomy":"product_tag","embeddable":true,"href":"https:\/\/promz.be\/fr\/wp-json\/wp\/v2\/product_tag?post=9641"}],"curies":[{"name":"wp","href":"https:\/\/api.w.org\/{rel}","templated":true}]}}