{"id":9642,"date":"2017-06-28T00:00:00","date_gmt":"2017-10-05T00:00:00","guid":{"rendered":"https:\/\/promz.be\/product\/ogreen-clean-machines\/"},"modified":"2017-10-05T00:00:00","modified_gmt":"2017-10-05T00:00:00","slug":"ogreen-clean-machines","status":"publish","type":"product","link":"https:\/\/promz.be\/fr\/product\/ogreen-clean-machines\/","title":{"rendered":"Ogreen Clean Machines"},"content":{"rendered":"<p><strong>Offrez vos coll\u00e8gues et clients la sant\u00e9 et la vitalit\u00e9 par offrir un Ogreen clean Machine.<\/strong><\/p>\n<p>Ogreen a fait examiner scientifiquement quelles plantes diposent des plus grandes qualit\u00e9s de purificateur de l\u2019air. Tous les plantes purifient un minimum de 10m\u00b2 (sur un plafond de 2.5m)<\/p>\n<p>Non seule\u00f9ment ils purifient l\u2019air mais il est aussi d\u00e9montr\u00e9 que dans un environement vert, l absenteisme diminue et que la producitivit\u00e9 et creativit\u00e9 augmente.<\/p>\n<p>Les plantes Ogreen sont un cadeau vert, litt\u00e9ralement et figurativement : en remerciant vos coll\u00e8gues et clients avec une plante Ogreen, vous \u00eates s\u00fbr qu\u2019elle ne va pas \u00eatre jet\u00e9 quand ils re\u00e7oivent une nouvelle plante ou parce que la mode a chang\u00e9.<\/p>\n<p>Ogreen vous donne une bonne visibilit\u00e9 et de l air pure pour des ann\u00e9es!<\/p>\n","protected":false},"excerpt":{"rendered":"<p><strong>Offrez vos coll\u00e8gues et clients la sant\u00e9 et la vitalit\u00e9 par offrir un Ogreen clean Machine.<\/strong><\/p>\n<p>Ogreen a fait examiner scientifiquement quelles plantes diposent des plus grandes qualit\u00e9s de purificateur de l\u2019air. Tous les plantes purifient un minimum de 10m\u00b2 (sur un plafond de 2.5m)<\/p>\n<p>Non seule\u00f9ment ils purifient l\u2019air mais il est aussi d\u00e9montr\u00e9 que dans un environement vert, l absenteisme diminue et que la producitivit\u00e9 et creativit\u00e9 augmente.<\/p>\n<p>Les plantes Ogreen sont un cadeau vert, litt\u00e9ralement et figurativement : en remerciant vos coll\u00e8gues et clients avec une plante Ogreen, vous \u00eates s\u00fbr qu\u2019elle ne va pas \u00eatre jet\u00e9 quand ils re\u00e7oivent une nouvelle plante ou parce que la mode a chang\u00e9.<\/p>\n<p>Ogreen vous donne une bonne visibilit\u00e9 et de l air pure pour des ann\u00e9es! [&#8230;]<\/p>\n<p><a class=\"btn btn-secondary understrap-read-more-link\" href=\"https:\/\/promz.be\/fr\/product\/ogreen-clean-machines\/\">Lire la suite&#8230;<\/a><\/p>\n","protected":false},"featured_media":6642,"comment_status":"closed","ping_status":"open","template":"","meta":[],"product_cat":[980,988,950,957,971],"product_tag":[],"_links":{"self":[{"href":"https:\/\/promz.be\/fr\/wp-json\/wp\/v2\/product\/9642"}],"collection":[{"href":"https:\/\/promz.be\/fr\/wp-json\/wp\/v2\/product"}],"about":[{"href":"https:\/\/promz.be\/fr\/wp-json\/wp\/v2\/types\/product"}],"replies":[{"embeddable":true,"href":"https:\/\/promz.be\/fr\/wp-json\/wp\/v2\/comments?post=9642"}],"wp:featuredmedia":[{"embeddable":true,"href":"https:\/\/promz.be\/fr\/wp-json\/wp\/v2\/media\/6642"}],"wp:attachment":[{"href":"https:\/\/promz.be\/fr\/wp-json\/wp\/v2\/media?parent=9642"}],"wp:term":[{"taxonomy":"product_cat","embeddable":true,"href":"https:\/\/promz.be\/fr\/wp-json\/wp\/v2\/product_cat?post=9642"},{"taxonomy":"product_tag","embeddable":true,"href":"https:\/\/promz.be\/fr\/wp-json\/wp\/v2\/product_tag?post=9642"}],"curies":[{"name":"wp","href":"https:\/\/api.w.org\/{rel}","templated":true}]}}