{"id":9645,"date":"2017-11-06T00:00:00","date_gmt":"2017-11-06T00:00:00","guid":{"rendered":"https:\/\/promz.be\/product\/trousse-de-toilette-juco\/"},"modified":"2018-07-18T08:34:48","modified_gmt":"2018-07-18T08:34:48","slug":"trousse-de-toilette-juco","status":"publish","type":"product","link":"https:\/\/promz.be\/fr\/product\/trousse-de-toilette-juco\/","title":{"rendered":"Trousse de toilette JuCo"},"content":{"rendered":"<p>(prix par 1000 pi\u00e8ces)<\/p>\n<p><span style=font-size: 7.5pt, line-height: 115%, font-family: Verdana, sans-serif, color: #303030, background-image: initial, background-attachment: initial, background-size: initial, background-origin: initial, background-clip: initial, background-position: initial, background-repeat: initial,>Pochette pratique pour maquillage et articles de toilette! Toujours \u00e0 la port\u00e9e de mains. Aussi utilisable comme \u00e9tui \u00e0 stylos. Fait en JuCo (jute\/coton). L&#8217;int\u00e9rieur pourvu d&#8217;une <span style=color: #000000,>doublure en coton. Avec tirette.<\/p>\n<p><span style=font-size: 7.5pt, line-height: 115%, font-family: Verdana, sans-serif, color: #303030, background-image: initial, background-attachment: initial, background-size: initial, background-origin: initial, background-clip: initial, background-position: initial, background-repeat: initial,><span style=color: #000000,>Le JuCo, qui signifie \u00ab jute &#038;amp, coton \u00bb est un m\u00e9lange compos\u00e9 de 75 % de jute et de 25 % de coton. Son tissage est de ce fait-l\u00e0 beaucoup plus fin que celui du jute pur. Id\u00e9al pour les impressions d\u00e9taill\u00e9es. Cette mati\u00e8re a en outre un bel aspect luxueux, en plus d&#8217;&#038;ecirc,tre bien \u00e9videmment tr\u00e8s durable!<\/p>\n","protected":false},"excerpt":{"rendered":"<p>(prix par 1000 pi\u00e8ces)<\/p>\n<p><span style=font-size: 7.5pt, line-height: 115%, font-family: Verdana, sans-serif, color: #303030, background-image: initial, background-attachment: initial, background-size: initial, background-origin: initial, background-clip: initial, background-position: initial, background-repeat: initial,>Pochette pratique pour maquillage et articles de toilette! Toujours \u00e0 la port\u00e9e de mains. Aussi utilisable comme \u00e9tui \u00e0 stylos. Fait en JuCo (jute\/coton). L&#8217;int\u00e9rieur pourvu d&#8217;une <span style=color: #000000,>doublure en coton. Avec tirette.<\/p>\n<p><span style=font-size: 7.5pt, line-height: 115%, font-family: Verdana, sans-serif, color: #303030, background-image: initial, background-attachment: initial, background-size: initial, background-origin: initial, background-clip: initial, background-position: initial, background-repeat: initial,><span style=color: #000000,>Le JuCo, qui signifie \u00ab jute &#038;amp, coton \u00bb est un m\u00e9lange compos\u00e9 de 75 % de jute et de 25 % de coton. Son tissage est de ce fait-l\u00e0 beaucoup plus fin que celui du jute pur. Id\u00e9al pour les impressions d\u00e9taill\u00e9es. Cette mati\u00e8re a en outre un bel aspect luxueux, en plus d&#8217;&#038;ecirc,tre bien \u00e9videmment tr\u00e8s durable!<\/p>\n<p> [&#8230;]<\/p>\n<p><a class=\"btn btn-secondary understrap-read-more-link\" href=\"https:\/\/promz.be\/fr\/product\/trousse-de-toilette-juco\/\">Lire la suite&#8230;<\/a><\/p>\n","protected":false},"featured_media":6232,"comment_status":"closed","ping_status":"open","template":"","meta":[],"product_cat":[8745],"product_tag":[],"_links":{"self":[{"href":"https:\/\/promz.be\/fr\/wp-json\/wp\/v2\/product\/9645"}],"collection":[{"href":"https:\/\/promz.be\/fr\/wp-json\/wp\/v2\/product"}],"about":[{"href":"https:\/\/promz.be\/fr\/wp-json\/wp\/v2\/types\/product"}],"replies":[{"embeddable":true,"href":"https:\/\/promz.be\/fr\/wp-json\/wp\/v2\/comments?post=9645"}],"wp:featuredmedia":[{"embeddable":true,"href":"https:\/\/promz.be\/fr\/wp-json\/wp\/v2\/media\/6232"}],"wp:attachment":[{"href":"https:\/\/promz.be\/fr\/wp-json\/wp\/v2\/media?parent=9645"}],"wp:term":[{"taxonomy":"product_cat","embeddable":true,"href":"https:\/\/promz.be\/fr\/wp-json\/wp\/v2\/product_cat?post=9645"},{"taxonomy":"product_tag","embeddable":true,"href":"https:\/\/promz.be\/fr\/wp-json\/wp\/v2\/product_tag?post=9645"}],"curies":[{"name":"wp","href":"https:\/\/api.w.org\/{rel}","templated":true}]}}