{"id":9646,"date":"2018-03-21T00:00:00","date_gmt":"2018-03-21T00:00:00","guid":{"rendered":"https:\/\/promz.be\/product\/le-tapis-de-souris-le-plus-plat-et-leger-au-monde\/"},"modified":"2018-07-18T08:34:49","modified_gmt":"2018-07-18T08:34:49","slug":"le-tapis-de-souris-le-plus-plat-et-leger-au-monde","status":"publish","type":"product","link":"https:\/\/promz.be\/fr\/product\/le-tapis-de-souris-le-plus-plat-et-leger-au-monde\/","title":{"rendered":"le tapis de souris le plus plat et l\u00e9ger au monde"},"content":{"rendered":"<p>(prix par 1000 pi\u00e8ces)<\/p>\n<p>16 grammes et de 350 microns d&#8217;\u00e9paisseur. Id\u00e9al \u00e0 utiliser pour mailings. Parfait compagnon de voyage. Se transporte parfaitement entre l&#8217;\u00e9cran et le clavier de votre portable. Impression recto ET verso. Contr\u00f4le parfait pour les souris optiques et standards.<\/p>\n","protected":false},"excerpt":{"rendered":"<p>(prix par 1000 pi\u00e8ces)<\/p>\n<p>16 grammes et de 350 microns d&#8217;\u00e9paisseur. Id\u00e9al \u00e0 utiliser pour mailings. Parfait compagnon de voyage. Se transporte parfaitement entre l&#8217;\u00e9cran et le clavier de votre portable. Impression recto ET verso. Contr\u00f4le parfait pour les souris optiques et standards.<\/p>\n<p> [&#8230;]<\/p>\n<p><a class=\"btn btn-secondary understrap-read-more-link\" href=\"https:\/\/promz.be\/fr\/product\/le-tapis-de-souris-le-plus-plat-et-leger-au-monde\/\">Lire la suite&#8230;<\/a><\/p>\n","protected":false},"featured_media":9333,"comment_status":"closed","ping_status":"open","template":"","meta":[],"product_cat":[8745],"product_tag":[],"_links":{"self":[{"href":"https:\/\/promz.be\/fr\/wp-json\/wp\/v2\/product\/9646"}],"collection":[{"href":"https:\/\/promz.be\/fr\/wp-json\/wp\/v2\/product"}],"about":[{"href":"https:\/\/promz.be\/fr\/wp-json\/wp\/v2\/types\/product"}],"replies":[{"embeddable":true,"href":"https:\/\/promz.be\/fr\/wp-json\/wp\/v2\/comments?post=9646"}],"wp:featuredmedia":[{"embeddable":true,"href":"https:\/\/promz.be\/fr\/wp-json\/wp\/v2\/media\/9333"}],"wp:attachment":[{"href":"https:\/\/promz.be\/fr\/wp-json\/wp\/v2\/media?parent=9646"}],"wp:term":[{"taxonomy":"product_cat","embeddable":true,"href":"https:\/\/promz.be\/fr\/wp-json\/wp\/v2\/product_cat?post=9646"},{"taxonomy":"product_tag","embeddable":true,"href":"https:\/\/promz.be\/fr\/wp-json\/wp\/v2\/product_tag?post=9646"}],"curies":[{"name":"wp","href":"https:\/\/api.w.org\/{rel}","templated":true}]}}