{"id":9647,"date":"2017-11-01T00:00:00","date_gmt":"2017-11-01T00:00:00","guid":{"rendered":"https:\/\/promz.be\/product\/stylo-a-bille-avec-prisme\/"},"modified":"2018-07-18T08:34:49","modified_gmt":"2018-07-18T08:34:49","slug":"stylo-a-bille-avec-prisme","status":"publish","type":"product","link":"https:\/\/promz.be\/fr\/product\/stylo-a-bille-avec-prisme\/","title":{"rendered":"stylo \u00e0 bille avec prisme"},"content":{"rendered":"<p>(prix par 1000 pi\u00e8ces)<\/p>\n<p>Apr\u00e8s avoir fabriqu\u00e9 2,5 milliards de stylos \u00e0 bille en l&#8217;espace de 67 ans, la grande marque suisse BURGER SWISS vient de lancer sur le march\u00e9 un magnifique nouveau stylo \u00e0 bille. Comme toujours, nous avons l\u00e0 un m\u00e9lange parfait de savoir-faire et d&#8217;ing\u00e9nierie, combin\u00e9 \u00e0 la qualit\u00e9 et la fiabilit\u00e9 helv\u00e9tiques habituelles. &#038;bull, Le rev&#038;ecirc,tement en caoutchouc, disponible en 9 couleurs, offre une exp\u00e9rience d&#8217;\u00e9criture tout \u00e0 fait unique gr\u00e2ce \u00e0 sa prise souple. &#038;bull, Dot\u00e9 d&#8217;un bel accent de couleur sur le capuchon. &#038;bull, <strong>Son capuchon \u00e0 clip CRYSTAL innovant donne magnifiquement vie \u00e0 votre message tout en prot\u00e9geant le stylo \u00e0 bille contre l&#8217;usure. <\/strong><\/p>\n","protected":false},"excerpt":{"rendered":"<p>(prix par 1000 pi\u00e8ces)<\/p>\n<p>Apr\u00e8s avoir fabriqu\u00e9 2,5 milliards de stylos \u00e0 bille en l&#8217;espace de 67 ans, la grande marque suisse BURGER SWISS vient de lancer sur le march\u00e9 un magnifique nouveau stylo \u00e0 bille. Comme toujours, nous avons l\u00e0 un m\u00e9lange parfait de savoir-faire et d&#8217;ing\u00e9nierie, combin\u00e9 \u00e0 la qualit\u00e9 et la fiabilit\u00e9 helv\u00e9tiques habituelles. &#038;bull, Le rev&#038;ecirc,tement en caoutchouc, disponible en 9 couleurs, offre une exp\u00e9rience d&#8217;\u00e9criture tout \u00e0 fait unique gr\u00e2ce \u00e0 sa prise souple. &#038;bull, Dot\u00e9 d&#8217;un bel accent de couleur sur le capuchon. &#038;bull, <strong>Son capuchon \u00e0 clip CRYSTAL innovant donne magnifiquement vie \u00e0 votre message tout en prot\u00e9geant le stylo \u00e0 bille contre l&#8217;usure. <\/strong><\/p>\n<p> [&#8230;]<\/p>\n<p><a class=\"btn btn-secondary understrap-read-more-link\" href=\"https:\/\/promz.be\/fr\/product\/stylo-a-bille-avec-prisme\/\">Lire la suite&#8230;<\/a><\/p>\n","protected":false},"featured_media":8740,"comment_status":"closed","ping_status":"open","template":"","meta":[],"product_cat":[8745],"product_tag":[],"_links":{"self":[{"href":"https:\/\/promz.be\/fr\/wp-json\/wp\/v2\/product\/9647"}],"collection":[{"href":"https:\/\/promz.be\/fr\/wp-json\/wp\/v2\/product"}],"about":[{"href":"https:\/\/promz.be\/fr\/wp-json\/wp\/v2\/types\/product"}],"replies":[{"embeddable":true,"href":"https:\/\/promz.be\/fr\/wp-json\/wp\/v2\/comments?post=9647"}],"wp:featuredmedia":[{"embeddable":true,"href":"https:\/\/promz.be\/fr\/wp-json\/wp\/v2\/media\/8740"}],"wp:attachment":[{"href":"https:\/\/promz.be\/fr\/wp-json\/wp\/v2\/media?parent=9647"}],"wp:term":[{"taxonomy":"product_cat","embeddable":true,"href":"https:\/\/promz.be\/fr\/wp-json\/wp\/v2\/product_cat?post=9647"},{"taxonomy":"product_tag","embeddable":true,"href":"https:\/\/promz.be\/fr\/wp-json\/wp\/v2\/product_tag?post=9647"}],"curies":[{"name":"wp","href":"https:\/\/api.w.org\/{rel}","templated":true}]}}