{"id":9648,"date":"2018-03-09T00:00:00","date_gmt":"2018-03-09T00:00:00","guid":{"rendered":"https:\/\/promz.be\/product\/tout-dans-le-bras\/"},"modified":"2018-07-18T08:34:49","modified_gmt":"2018-07-18T08:34:49","slug":"tout-dans-le-bras","status":"publish","type":"product","link":"https:\/\/promz.be\/fr\/product\/tout-dans-le-bras\/","title":{"rendered":"Tout dans le bras"},"content":{"rendered":"<p>(prix par 1000 pi\u00e8ces)<\/p>\n<p>Avec cette sacoche tr\u00e8s pratique vous avez toujours tout \u00e0 port\u00e9e de main. Cl\u00e9s, t\u00e9l\u00e9phone, argent &#8230; tout ce que vous pouvez porter \u00e0 votre poignet. Donc, vous rencontrerez pas de probl\u00e8mes lors de la marche, le v\u00e9lo ou tout simplement lorsque vous promenez dans une ville \u00e9trang\u00e8re.Impression en full color possible sur les deux faces. Emball\u00e9e individuellement dans un sachet plastic.<\/p>\n","protected":false},"excerpt":{"rendered":"<p>(prix par 1000 pi\u00e8ces)<\/p>\n<p>Avec cette sacoche tr\u00e8s pratique vous avez toujours tout \u00e0 port\u00e9e de main. Cl\u00e9s, t\u00e9l\u00e9phone, argent &#8230; tout ce que vous pouvez porter \u00e0 votre poignet. Donc, vous rencontrerez pas de probl\u00e8mes lors de la marche, le v\u00e9lo ou tout simplement lorsque vous promenez dans une ville \u00e9trang\u00e8re.Impression en full color possible sur les deux faces. Emball\u00e9e individuellement dans un sachet plastic.<\/p>\n<p> [&#8230;]<\/p>\n<p><a class=\"btn btn-secondary understrap-read-more-link\" href=\"https:\/\/promz.be\/fr\/product\/tout-dans-le-bras\/\">Lire la suite&#8230;<\/a><\/p>\n","protected":false},"featured_media":8374,"comment_status":"closed","ping_status":"open","template":"","meta":[],"product_cat":[8745],"product_tag":[],"_links":{"self":[{"href":"https:\/\/promz.be\/fr\/wp-json\/wp\/v2\/product\/9648"}],"collection":[{"href":"https:\/\/promz.be\/fr\/wp-json\/wp\/v2\/product"}],"about":[{"href":"https:\/\/promz.be\/fr\/wp-json\/wp\/v2\/types\/product"}],"replies":[{"embeddable":true,"href":"https:\/\/promz.be\/fr\/wp-json\/wp\/v2\/comments?post=9648"}],"wp:featuredmedia":[{"embeddable":true,"href":"https:\/\/promz.be\/fr\/wp-json\/wp\/v2\/media\/8374"}],"wp:attachment":[{"href":"https:\/\/promz.be\/fr\/wp-json\/wp\/v2\/media?parent=9648"}],"wp:term":[{"taxonomy":"product_cat","embeddable":true,"href":"https:\/\/promz.be\/fr\/wp-json\/wp\/v2\/product_cat?post=9648"},{"taxonomy":"product_tag","embeddable":true,"href":"https:\/\/promz.be\/fr\/wp-json\/wp\/v2\/product_tag?post=9648"}],"curies":[{"name":"wp","href":"https:\/\/api.w.org\/{rel}","templated":true}]}}