{"id":9650,"date":"2017-09-19T00:00:00","date_gmt":"2017-09-19T00:00:00","guid":{"rendered":"https:\/\/promz.be\/product\/bandeau-imprime\/"},"modified":"2018-07-18T08:34:50","modified_gmt":"2018-07-18T08:34:50","slug":"bandeau-imprime","status":"publish","type":"product","link":"https:\/\/promz.be\/fr\/product\/bandeau-imprime\/","title":{"rendered":"Bandeau imprim\u00e9"},"content":{"rendered":"<p>(prix par 1000 pi\u00e8ces)<\/p>\n<p>Ce bandeau est imprim\u00e9 en quadri. Il s&#8217;agit d&#8217;un article remarquable, par exemple pour des \u00e9v\u00e9nements, des comp\u00e9titions sportives et des gr\u00e8ves.<\/p>\n","protected":false},"excerpt":{"rendered":"<p>(prix par 1000 pi\u00e8ces)<\/p>\n<p>Ce bandeau est imprim\u00e9 en quadri. Il s&#8217;agit d&#8217;un article remarquable, par exemple pour des \u00e9v\u00e9nements, des comp\u00e9titions sportives et des gr\u00e8ves.<\/p>\n<p> [&#8230;]<\/p>\n<p><a class=\"btn btn-secondary understrap-read-more-link\" href=\"https:\/\/promz.be\/fr\/product\/bandeau-imprime\/\">Lire la suite&#8230;<\/a><\/p>\n","protected":false},"featured_media":8371,"comment_status":"closed","ping_status":"open","template":"","meta":[],"product_cat":[8745],"product_tag":[],"_links":{"self":[{"href":"https:\/\/promz.be\/fr\/wp-json\/wp\/v2\/product\/9650"}],"collection":[{"href":"https:\/\/promz.be\/fr\/wp-json\/wp\/v2\/product"}],"about":[{"href":"https:\/\/promz.be\/fr\/wp-json\/wp\/v2\/types\/product"}],"replies":[{"embeddable":true,"href":"https:\/\/promz.be\/fr\/wp-json\/wp\/v2\/comments?post=9650"}],"wp:featuredmedia":[{"embeddable":true,"href":"https:\/\/promz.be\/fr\/wp-json\/wp\/v2\/media\/8371"}],"wp:attachment":[{"href":"https:\/\/promz.be\/fr\/wp-json\/wp\/v2\/media?parent=9650"}],"wp:term":[{"taxonomy":"product_cat","embeddable":true,"href":"https:\/\/promz.be\/fr\/wp-json\/wp\/v2\/product_cat?post=9650"},{"taxonomy":"product_tag","embeddable":true,"href":"https:\/\/promz.be\/fr\/wp-json\/wp\/v2\/product_tag?post=9650"}],"curies":[{"name":"wp","href":"https:\/\/api.w.org\/{rel}","templated":true}]}}