{"id":9651,"date":"2017-09-26T00:00:00","date_gmt":"2017-09-26T00:00:00","guid":{"rendered":"https:\/\/promz.be\/product\/stylo-a-bille-au-touche-souple\/"},"modified":"2018-07-18T08:34:51","modified_gmt":"2018-07-18T08:34:51","slug":"stylo-a-bille-au-touche-souple","status":"publish","type":"product","link":"https:\/\/promz.be\/fr\/product\/stylo-a-bille-au-touche-souple\/","title":{"rendered":"Stylo \u00e0 bille au touch\u00e9 souple"},"content":{"rendered":"<p>(prix par 1000 pi\u00e8ces)<\/p>\n<p>Ce stylo est diff\u00e9rent de tous les autres stylos \u00e0 bille. Totalement nouveau avec une vraie personnalisation tridimensionnelle au toucher souple et velout\u00e9. Une impression en relief disponible dans de nombreuses couleurs vives cr\u00e9ant une sensantion exceptionnelle. 4 mod\u00e8les standard sont disponibles : co\u00eburs, t\u00e2ches de vache, gouttes de pluie &#038;amp, textures zebr\u00e9es.<span style=font-size: small,><span style=font-family: Century Gothic,><\/p>\n<p>Voulez-vous votre logo en velour ? Pas de soucis, cela est possible \u00e0 partir de 500 pces. Prix sur demande<\/p>\n","protected":false},"excerpt":{"rendered":"<p>(prix par 1000 pi\u00e8ces)<\/p>\n<p>Ce stylo est diff\u00e9rent de tous les autres stylos \u00e0 bille. Totalement nouveau avec une vraie personnalisation tridimensionnelle au toucher souple et velout\u00e9. Une impression en relief disponible dans de nombreuses couleurs vives cr\u00e9ant une sensantion exceptionnelle. 4 mod\u00e8les standard sont disponibles : co\u00eburs, t\u00e2ches de vache, gouttes de pluie &#038;amp, textures zebr\u00e9es.<span style=font-size: small,><span style=font-family: Century Gothic,><\/p>\n<p>Voulez-vous votre logo en velour ? Pas de soucis, cela est possible \u00e0 partir de 500 pces. Prix sur demande<\/p>\n<p> [&#8230;]<\/p>\n<p><a class=\"btn btn-secondary understrap-read-more-link\" href=\"https:\/\/promz.be\/fr\/product\/stylo-a-bille-au-touche-souple\/\">Lire la suite&#8230;<\/a><\/p>\n","protected":false},"featured_media":8734,"comment_status":"closed","ping_status":"open","template":"","meta":[],"product_cat":[8745],"product_tag":[],"_links":{"self":[{"href":"https:\/\/promz.be\/fr\/wp-json\/wp\/v2\/product\/9651"}],"collection":[{"href":"https:\/\/promz.be\/fr\/wp-json\/wp\/v2\/product"}],"about":[{"href":"https:\/\/promz.be\/fr\/wp-json\/wp\/v2\/types\/product"}],"replies":[{"embeddable":true,"href":"https:\/\/promz.be\/fr\/wp-json\/wp\/v2\/comments?post=9651"}],"wp:featuredmedia":[{"embeddable":true,"href":"https:\/\/promz.be\/fr\/wp-json\/wp\/v2\/media\/8734"}],"wp:attachment":[{"href":"https:\/\/promz.be\/fr\/wp-json\/wp\/v2\/media?parent=9651"}],"wp:term":[{"taxonomy":"product_cat","embeddable":true,"href":"https:\/\/promz.be\/fr\/wp-json\/wp\/v2\/product_cat?post=9651"},{"taxonomy":"product_tag","embeddable":true,"href":"https:\/\/promz.be\/fr\/wp-json\/wp\/v2\/product_tag?post=9651"}],"curies":[{"name":"wp","href":"https:\/\/api.w.org\/{rel}","templated":true}]}}