{"id":9652,"date":"2018-03-09T00:00:00","date_gmt":"2018-03-09T00:00:00","guid":{"rendered":"https:\/\/promz.be\/product\/diffuseur-en-ceramique\/"},"modified":"2018-07-18T08:34:51","modified_gmt":"2018-07-18T08:34:51","slug":"diffuseur-en-ceramique","status":"publish","type":"product","link":"https:\/\/promz.be\/fr\/product\/diffuseur-en-ceramique\/","title":{"rendered":"Diffuseur en c\u00e9ramique"},"content":{"rendered":"<p>(prix par 1000 pi\u00e8ces)<\/p>\n<p>Cet \u00e9l\u00e9gant diffuseur de parfum en c\u00e9ramique peut &#038;ecirc,tre imprim\u00e9 avec votre logo. Peut &#038;ecirc,tre accroch\u00e9 dans votre voiture, dans votre placard, &#8230; les possibilit\u00e9s sont illimit\u00e9es.<\/p>\n<p>Le prix indiqu\u00e9 comprend l&#8217;impression en 1 couleur sur 1 position.<\/p>\n<div id=gt-edit style=display: none,>\n<div style=width: 100%,><textarea id=contribute-target class=goog-textarea style=height: auto, padding-right: 20px, -ms-overflow-x: auto, -ms-overflow-y: hidden, box-sizing: border-box, dir=ltr tabindex=0 name=edit-text rows=1><\/textarea><\/p>\n","protected":false},"excerpt":{"rendered":"<p>(prix par 1000 pi\u00e8ces)<\/p>\n<p>Cet \u00e9l\u00e9gant diffuseur de parfum en c\u00e9ramique peut &#038;ecirc,tre imprim\u00e9 avec votre logo. Peut &#038;ecirc,tre accroch\u00e9 dans votre voiture, dans votre placard, &#8230; les possibilit\u00e9s sont illimit\u00e9es.<\/p>\n<p>Le prix indiqu\u00e9 comprend l&#8217;impression en 1 couleur sur 1 position.<\/p>\n<div id=gt-edit style=display: none,>\n<div style=width: 100%,><textarea id=contribute-target class=goog-textarea style=height: auto, padding-right: 20px, -ms-overflow-x: auto, -ms-overflow-y: hidden, box-sizing: border-box, dir=ltr tabindex=0 name=edit-text rows=1><\/textarea> [&#8230;]<\/p>\n<p><a class=\"btn btn-secondary understrap-read-more-link\" href=\"https:\/\/promz.be\/fr\/product\/diffuseur-en-ceramique\/\">Lire la suite&#8230;<\/a><\/p>\n","protected":false},"featured_media":7979,"comment_status":"closed","ping_status":"open","template":"","meta":[],"product_cat":[8745],"product_tag":[],"_links":{"self":[{"href":"https:\/\/promz.be\/fr\/wp-json\/wp\/v2\/product\/9652"}],"collection":[{"href":"https:\/\/promz.be\/fr\/wp-json\/wp\/v2\/product"}],"about":[{"href":"https:\/\/promz.be\/fr\/wp-json\/wp\/v2\/types\/product"}],"replies":[{"embeddable":true,"href":"https:\/\/promz.be\/fr\/wp-json\/wp\/v2\/comments?post=9652"}],"wp:featuredmedia":[{"embeddable":true,"href":"https:\/\/promz.be\/fr\/wp-json\/wp\/v2\/media\/7979"}],"wp:attachment":[{"href":"https:\/\/promz.be\/fr\/wp-json\/wp\/v2\/media?parent=9652"}],"wp:term":[{"taxonomy":"product_cat","embeddable":true,"href":"https:\/\/promz.be\/fr\/wp-json\/wp\/v2\/product_cat?post=9652"},{"taxonomy":"product_tag","embeddable":true,"href":"https:\/\/promz.be\/fr\/wp-json\/wp\/v2\/product_tag?post=9652"}],"curies":[{"name":"wp","href":"https:\/\/api.w.org\/{rel}","templated":true}]}}