{"id":9653,"date":"2018-04-11T00:00:00","date_gmt":"2018-04-11T00:00:00","guid":{"rendered":"https:\/\/promz.be\/product\/tablette-de-chocolat-choco\/"},"modified":"2018-07-18T08:34:52","modified_gmt":"2018-07-18T08:34:52","slug":"tablette-de-chocolat-choco","status":"publish","type":"product","link":"https:\/\/promz.be\/fr\/product\/tablette-de-chocolat-choco\/","title":{"rendered":"Tablette de chocolat Choco +"},"content":{"rendered":"<p>(prix par 1000 pi\u00e8ces)<\/p>\n<p>Chocolat (lait ou blanc) d\u00e9licieux avec peau d&#8217;orange sucr\u00e9, gingembre, canneberges, sel marin, f\u00e8ves de cacao grill\u00e9s, piment, sp\u00e9culoos, baies goji ou fraises.<\/p>\n<p>Le prix indiqu\u00e9 est pour la version chocolat au lait, emball\u00e9 dans une bo&#038;icirc,te avec impression digitale avec votre design. Chocolat blanc : prix l\u00e9g\u00e8rement plus haut. Achat minimale: 100 pi\u00e8ces.<\/p>\n","protected":false},"excerpt":{"rendered":"<p>(prix par 1000 pi\u00e8ces)<\/p>\n<p>Chocolat (lait ou blanc) d\u00e9licieux avec peau d&#8217;orange sucr\u00e9, gingembre, canneberges, sel marin, f\u00e8ves de cacao grill\u00e9s, piment, sp\u00e9culoos, baies goji ou fraises.<\/p>\n<p>Le prix indiqu\u00e9 est pour la version chocolat au lait, emball\u00e9 dans une bo&#038;icirc,te avec impression digitale avec votre design. Chocolat blanc : prix l\u00e9g\u00e8rement plus haut. Achat minimale: 100 pi\u00e8ces.<\/p>\n<p> [&#8230;]<\/p>\n<p><a class=\"btn btn-secondary understrap-read-more-link\" href=\"https:\/\/promz.be\/fr\/product\/tablette-de-chocolat-choco\/\">Lire la suite&#8230;<\/a><\/p>\n","protected":false},"featured_media":7252,"comment_status":"closed","ping_status":"open","template":"","meta":[],"product_cat":[8745],"product_tag":[],"_links":{"self":[{"href":"https:\/\/promz.be\/fr\/wp-json\/wp\/v2\/product\/9653"}],"collection":[{"href":"https:\/\/promz.be\/fr\/wp-json\/wp\/v2\/product"}],"about":[{"href":"https:\/\/promz.be\/fr\/wp-json\/wp\/v2\/types\/product"}],"replies":[{"embeddable":true,"href":"https:\/\/promz.be\/fr\/wp-json\/wp\/v2\/comments?post=9653"}],"wp:featuredmedia":[{"embeddable":true,"href":"https:\/\/promz.be\/fr\/wp-json\/wp\/v2\/media\/7252"}],"wp:attachment":[{"href":"https:\/\/promz.be\/fr\/wp-json\/wp\/v2\/media?parent=9653"}],"wp:term":[{"taxonomy":"product_cat","embeddable":true,"href":"https:\/\/promz.be\/fr\/wp-json\/wp\/v2\/product_cat?post=9653"},{"taxonomy":"product_tag","embeddable":true,"href":"https:\/\/promz.be\/fr\/wp-json\/wp\/v2\/product_tag?post=9653"}],"curies":[{"name":"wp","href":"https:\/\/api.w.org\/{rel}","templated":true}]}}