{"id":9655,"date":"2017-07-12T00:00:00","date_gmt":"2017-07-12T00:00:00","guid":{"rendered":"https:\/\/promz.be\/product\/feuilles-autoadhesives-jaime\/"},"modified":"2018-07-18T08:34:53","modified_gmt":"2018-07-18T08:34:53","slug":"feuilles-autoadhesives-jaime","status":"publish","type":"product","link":"https:\/\/promz.be\/fr\/product\/feuilles-autoadhesives-jaime\/","title":{"rendered":"Feuilles autoadh\u00e9sives J&#8217;aime!"},"content":{"rendered":"<p>(prix par 1000 pi\u00e8ces)<\/p>\n<p>Feuilles autoadh\u00e9sives en 4 couleurs: rose, vert, bleu et jaune, assembl\u00e9es dans un pouce cartonn\u00e9. J&#8217;aime! Pour la g\u00e9n\u00e9ration Facebook.<\/p>\n","protected":false},"excerpt":{"rendered":"<p>(prix par 1000 pi\u00e8ces)<\/p>\n<p>Feuilles autoadh\u00e9sives en 4 couleurs: rose, vert, bleu et jaune, assembl\u00e9es dans un pouce cartonn\u00e9. J&#8217;aime! Pour la g\u00e9n\u00e9ration Facebook.<\/p>\n<p> [&#8230;]<\/p>\n<p><a class=\"btn btn-secondary understrap-read-more-link\" href=\"https:\/\/promz.be\/fr\/product\/feuilles-autoadhesives-jaime\/\">Lire la suite&#8230;<\/a><\/p>\n","protected":false},"featured_media":8142,"comment_status":"closed","ping_status":"open","template":"","meta":[],"product_cat":[8745],"product_tag":[],"_links":{"self":[{"href":"https:\/\/promz.be\/fr\/wp-json\/wp\/v2\/product\/9655"}],"collection":[{"href":"https:\/\/promz.be\/fr\/wp-json\/wp\/v2\/product"}],"about":[{"href":"https:\/\/promz.be\/fr\/wp-json\/wp\/v2\/types\/product"}],"replies":[{"embeddable":true,"href":"https:\/\/promz.be\/fr\/wp-json\/wp\/v2\/comments?post=9655"}],"wp:featuredmedia":[{"embeddable":true,"href":"https:\/\/promz.be\/fr\/wp-json\/wp\/v2\/media\/8142"}],"wp:attachment":[{"href":"https:\/\/promz.be\/fr\/wp-json\/wp\/v2\/media?parent=9655"}],"wp:term":[{"taxonomy":"product_cat","embeddable":true,"href":"https:\/\/promz.be\/fr\/wp-json\/wp\/v2\/product_cat?post=9655"},{"taxonomy":"product_tag","embeddable":true,"href":"https:\/\/promz.be\/fr\/wp-json\/wp\/v2\/product_tag?post=9655"}],"curies":[{"name":"wp","href":"https:\/\/api.w.org\/{rel}","templated":true}]}}