{"id":9658,"date":"2017-08-15T00:00:00","date_gmt":"2017-08-15T00:00:00","guid":{"rendered":"https:\/\/promz.be\/product\/housse-de-securite-pour-sac-a-dos\/"},"modified":"2018-07-18T08:34:55","modified_gmt":"2018-07-18T08:34:55","slug":"housse-de-securite-pour-sac-a-dos","status":"publish","type":"product","link":"https:\/\/promz.be\/fr\/product\/housse-de-securite-pour-sac-a-dos\/","title":{"rendered":"Housse de s\u00e9curit\u00e9 pour sac \u00e0 dos"},"content":{"rendered":"<p>(prix par 1000 pi\u00e8ces)<\/p>\n<p>Housse de s\u00e9curit\u00e9 pour sac \u00e0 dos 100% polyester, avec 2 bandes r\u00e9fl\u00e9chissantes et cordon de fermeture.<\/p>\n<p>Aussi super pour les formateurs Pokemon.<\/p>\n","protected":false},"excerpt":{"rendered":"<p>(prix par 1000 pi\u00e8ces)<\/p>\n<p>Housse de s\u00e9curit\u00e9 pour sac \u00e0 dos 100% polyester, avec 2 bandes r\u00e9fl\u00e9chissantes et cordon de fermeture.<\/p>\n<p>Aussi super pour les formateurs Pokemon.<\/p>\n<p> [&#8230;]<\/p>\n<p><a class=\"btn btn-secondary understrap-read-more-link\" href=\"https:\/\/promz.be\/fr\/product\/housse-de-securite-pour-sac-a-dos\/\">Lire la suite&#8230;<\/a><\/p>\n","protected":false},"featured_media":9129,"comment_status":"closed","ping_status":"open","template":"","meta":[],"product_cat":[8745],"product_tag":[],"_links":{"self":[{"href":"https:\/\/promz.be\/fr\/wp-json\/wp\/v2\/product\/9658"}],"collection":[{"href":"https:\/\/promz.be\/fr\/wp-json\/wp\/v2\/product"}],"about":[{"href":"https:\/\/promz.be\/fr\/wp-json\/wp\/v2\/types\/product"}],"replies":[{"embeddable":true,"href":"https:\/\/promz.be\/fr\/wp-json\/wp\/v2\/comments?post=9658"}],"wp:featuredmedia":[{"embeddable":true,"href":"https:\/\/promz.be\/fr\/wp-json\/wp\/v2\/media\/9129"}],"wp:attachment":[{"href":"https:\/\/promz.be\/fr\/wp-json\/wp\/v2\/media?parent=9658"}],"wp:term":[{"taxonomy":"product_cat","embeddable":true,"href":"https:\/\/promz.be\/fr\/wp-json\/wp\/v2\/product_cat?post=9658"},{"taxonomy":"product_tag","embeddable":true,"href":"https:\/\/promz.be\/fr\/wp-json\/wp\/v2\/product_tag?post=9658"}],"curies":[{"name":"wp","href":"https:\/\/api.w.org\/{rel}","templated":true}]}}