{"id":9659,"date":"2018-01-17T00:00:00","date_gmt":"2016-11-16T00:00:00","guid":{"rendered":"https:\/\/promz.be\/product\/sac-recycle-a-partir-de-materiaux-automobile\/"},"modified":"2016-11-16T00:00:00","modified_gmt":"2016-11-16T00:00:00","slug":"sac-recycle-a-partir-de-materiaux-automobile","status":"publish","type":"product","link":"https:\/\/promz.be\/fr\/product\/sac-recycle-a-partir-de-materiaux-automobile\/","title":{"rendered":"Sac recycl\u00e9 \u00e0 partir de materiaux automobile"},"content":{"rendered":"<p>(prix par 1000 pi\u00e8ces)<\/p>\n<p>L&#039;int\u00e9rieur de ce sac unique est fabriqu\u00e9 \u00e0 partir de mat\u00e9riaux recycl\u00e9s provenant de voitures. Impression de votre logo ou message en une seule couleur ou par transfert en maximum quatre couleurs.Le sac est disponible en diff\u00e9rentes couleurs et tailles. Contactez-nous pour les disponibilit\u00e9s. Les prix d\u00e9pendent de la taille et de l&#039;impression demand\u00e9e (nombre de couleurs).Commande minimum 500 pi\u00e8ces.<\/p>\n<div id=gt-edit style=display: none,>\n<div style=width: 100%,><textarea id=contribute-target class=goog-textarea style=height: auto, padding-right: 20px, -ms-overflow-x: auto, -ms-overflow-y: hidden, box-sizing: border-box, dir=ltr tabindex=0 name=edit-text rows=1><\/textarea> <\/p>\n<div id=gt-clear class=clear-button goog-toolbar-button style=right: 0px, display: none, data-tooltip-align=t,c data-tooltip=Supprimer le texte>\n<div id=gt-res-tools>\n<div id=gt-res-tools-l>\n<div id=gt-pb-star>\n<div class=goog-toolbar-button goog-inline-block trans-pb-button data-tooltip-align=t,c data-tooltip=Enregistr\u00e9>\n<div id=gt-res-copy class=copy-button goog-toolbar-button data-tooltip-align=t,c data-tooltip=Copier>\n<div id=gt-res-roman class=trans-roman-button goog-toolbar-button style=display: none, data-tooltip-align=t,c data-tooltip=Lire phon\u00e9tiquement>\n<div id=gt-res-listen class=trans-listen-button goog-toolbar-button data-tooltip-align=t,c data-tooltip=\u00e9couter>\n<div id=gt-res-share class=share-button goog-toolbar-button data-tooltip-align=t,c data-tooltip=Partager>\n<p>DEMANDE D&#039;INFORMATION PAR FOURNISSEUR PAR LE FORMULAIRE CI-DESSOUS<\/p>\n","protected":false},"excerpt":{"rendered":"<p>(prix par 1000 pi\u00e8ces)<\/p>\n<p>L&#039;int\u00e9rieur de ce sac unique est fabriqu\u00e9 \u00e0 partir de mat\u00e9riaux recycl\u00e9s provenant de voitures. Impression de votre logo ou message en une seule couleur ou par transfert en maximum quatre couleurs.Le sac est disponible en diff\u00e9rentes couleurs et tailles. Contactez-nous pour les disponibilit\u00e9s. Les prix d\u00e9pendent de la taille et de l&#039;impression demand\u00e9e (nombre de couleurs).Commande minimum 500 pi\u00e8ces.<\/p>\n<div id=gt-edit style=display: none,>\n<div style=width: 100%,><textarea id=contribute-target class=goog-textarea style=height: auto, padding-right: 20px, -ms-overflow-x: auto, -ms-overflow-y: hidden, box-sizing: border-box, dir=ltr tabindex=0 name=edit-text rows=1><\/textarea> <\/p>\n<div id=gt-clear class=clear-button goog-toolbar-button style=right: 0px, display: none, data-tooltip-align=t,c data-tooltip=Supprimer le texte>\n<div id=gt-res-tools>\n<div id=gt-res-tools-l>\n<div id=gt-pb-star>\n<div class=goog-toolbar-button goog-inline-block trans-pb-button data-tooltip-align=t,c data-tooltip=Enregistr\u00e9>\n<div id=gt-res-copy class=copy-button goog-toolbar-button data-tooltip-align=t,c data-tooltip=Copier>\n<div id=gt-res-roman class=trans-roman-button goog-toolbar-button style=display: none, data-tooltip-align=t,c data-tooltip=Lire phon\u00e9tiquement>\n<div id=gt-res-listen class=trans-listen-button goog-toolbar-button data-tooltip-align=t,c data-tooltip=\u00e9couter>\n<div id=gt-res-share class=share-button goog-toolbar-button data-tooltip-align=t,c data-tooltip=Partager>\n<p>DEMANDE D&#039;INFORMATION PAR FOURNISSEUR PAR LE FORMULAIRE CI-DESSOUS [&#8230;]<\/p>\n<p><a class=\"btn btn-secondary understrap-read-more-link\" href=\"https:\/\/promz.be\/fr\/product\/sac-recycle-a-partir-de-materiaux-automobile\/\">Lire la suite&#8230;<\/a><\/p>\n","protected":false},"featured_media":9136,"comment_status":"closed","ping_status":"open","template":"","meta":[],"product_cat":[954],"product_tag":[],"_links":{"self":[{"href":"https:\/\/promz.be\/fr\/wp-json\/wp\/v2\/product\/9659"}],"collection":[{"href":"https:\/\/promz.be\/fr\/wp-json\/wp\/v2\/product"}],"about":[{"href":"https:\/\/promz.be\/fr\/wp-json\/wp\/v2\/types\/product"}],"replies":[{"embeddable":true,"href":"https:\/\/promz.be\/fr\/wp-json\/wp\/v2\/comments?post=9659"}],"wp:featuredmedia":[{"embeddable":true,"href":"https:\/\/promz.be\/fr\/wp-json\/wp\/v2\/media\/9136"}],"wp:attachment":[{"href":"https:\/\/promz.be\/fr\/wp-json\/wp\/v2\/media?parent=9659"}],"wp:term":[{"taxonomy":"product_cat","embeddable":true,"href":"https:\/\/promz.be\/fr\/wp-json\/wp\/v2\/product_cat?post=9659"},{"taxonomy":"product_tag","embeddable":true,"href":"https:\/\/promz.be\/fr\/wp-json\/wp\/v2\/product_tag?post=9659"}],"curies":[{"name":"wp","href":"https:\/\/api.w.org\/{rel}","templated":true}]}}