{"id":9660,"date":"2018-01-19T00:00:00","date_gmt":"2018-01-19T00:00:00","guid":{"rendered":"https:\/\/promz.be\/product\/stylo-4-en-1\/"},"modified":"2018-07-18T08:34:57","modified_gmt":"2018-07-18T08:34:57","slug":"stylo-4-en-1","status":"publish","type":"product","link":"https:\/\/promz.be\/fr\/product\/stylo-4-en-1\/","title":{"rendered":"Stylo 4 en 1"},"content":{"rendered":"<p>(prix par 1000 pi\u00e8ces)<\/p>\n<p>La partie tactile de ce stylo magique a un design unique. Le stylo a quatre fonctions diff\u00e9rentes: stylo \u00e0 bille, Screen Cleaner, TouchPen, standard pour t\u00e9l\u00e9phoneLe stylo est disponible en argent avec un stylet noir ou le stylet en noir avec choix de blanc, orange, rouge, noir, vert ou bleu.<\/p>\n","protected":false},"excerpt":{"rendered":"<p>(prix par 1000 pi\u00e8ces)<\/p>\n<p>La partie tactile de ce stylo magique a un design unique. Le stylo a quatre fonctions diff\u00e9rentes: stylo \u00e0 bille, Screen Cleaner, TouchPen, standard pour t\u00e9l\u00e9phoneLe stylo est disponible en argent avec un stylet noir ou le stylet en noir avec choix de blanc, orange, rouge, noir, vert ou bleu.<\/p>\n<p> [&#8230;]<\/p>\n<p><a class=\"btn btn-secondary understrap-read-more-link\" href=\"https:\/\/promz.be\/fr\/product\/stylo-4-en-1\/\">Lire la suite&#8230;<\/a><\/p>\n","protected":false},"featured_media":8728,"comment_status":"closed","ping_status":"open","template":"","meta":[],"product_cat":[8745],"product_tag":[],"_links":{"self":[{"href":"https:\/\/promz.be\/fr\/wp-json\/wp\/v2\/product\/9660"}],"collection":[{"href":"https:\/\/promz.be\/fr\/wp-json\/wp\/v2\/product"}],"about":[{"href":"https:\/\/promz.be\/fr\/wp-json\/wp\/v2\/types\/product"}],"replies":[{"embeddable":true,"href":"https:\/\/promz.be\/fr\/wp-json\/wp\/v2\/comments?post=9660"}],"wp:featuredmedia":[{"embeddable":true,"href":"https:\/\/promz.be\/fr\/wp-json\/wp\/v2\/media\/8728"}],"wp:attachment":[{"href":"https:\/\/promz.be\/fr\/wp-json\/wp\/v2\/media?parent=9660"}],"wp:term":[{"taxonomy":"product_cat","embeddable":true,"href":"https:\/\/promz.be\/fr\/wp-json\/wp\/v2\/product_cat?post=9660"},{"taxonomy":"product_tag","embeddable":true,"href":"https:\/\/promz.be\/fr\/wp-json\/wp\/v2\/product_tag?post=9660"}],"curies":[{"name":"wp","href":"https:\/\/api.w.org\/{rel}","templated":true}]}}