{"id":9662,"date":"2017-10-02T00:00:00","date_gmt":"2017-10-02T00:00:00","guid":{"rendered":"https:\/\/promz.be\/product\/surligneur-stabilo-boss-original\/"},"modified":"2018-07-18T08:34:57","modified_gmt":"2018-07-18T08:34:57","slug":"surligneur-stabilo-boss-original","status":"publish","type":"product","link":"https:\/\/promz.be\/fr\/product\/surligneur-stabilo-boss-original\/","title":{"rendered":"Surligneur Stabilo Boss Original"},"content":{"rendered":"<p>(prix par 1000 pi\u00e8ces)<\/p>\n<p>Lanc\u00e9 en 1971, il est aujourd&#8217;hui le leader invaincu sur le march\u00e9. Le surligneur Stabilo Boss Original existe en 4 couleurs diff\u00e9rentes: vert, rose, orange et jaune. Gr\u00e2ce \u00e0 sa forme plate, ce marqueur ne roulera jamais en bas de la table! Longue dur\u00e9e de vie.<\/p>\n","protected":false},"excerpt":{"rendered":"<p>(prix par 1000 pi\u00e8ces)<\/p>\n<p>Lanc\u00e9 en 1971, il est aujourd&#8217;hui le leader invaincu sur le march\u00e9. Le surligneur Stabilo Boss Original existe en 4 couleurs diff\u00e9rentes: vert, rose, orange et jaune. Gr\u00e2ce \u00e0 sa forme plate, ce marqueur ne roulera jamais en bas de la table! Longue dur\u00e9e de vie.<\/p>\n<p> [&#8230;]<\/p>\n<p><a class=\"btn btn-secondary understrap-read-more-link\" href=\"https:\/\/promz.be\/fr\/product\/surligneur-stabilo-boss-original\/\">Lire la suite&#8230;<\/a><\/p>\n","protected":false},"featured_media":8743,"comment_status":"closed","ping_status":"open","template":"","meta":[],"product_cat":[8745],"product_tag":[],"_links":{"self":[{"href":"https:\/\/promz.be\/fr\/wp-json\/wp\/v2\/product\/9662"}],"collection":[{"href":"https:\/\/promz.be\/fr\/wp-json\/wp\/v2\/product"}],"about":[{"href":"https:\/\/promz.be\/fr\/wp-json\/wp\/v2\/types\/product"}],"replies":[{"embeddable":true,"href":"https:\/\/promz.be\/fr\/wp-json\/wp\/v2\/comments?post=9662"}],"wp:featuredmedia":[{"embeddable":true,"href":"https:\/\/promz.be\/fr\/wp-json\/wp\/v2\/media\/8743"}],"wp:attachment":[{"href":"https:\/\/promz.be\/fr\/wp-json\/wp\/v2\/media?parent=9662"}],"wp:term":[{"taxonomy":"product_cat","embeddable":true,"href":"https:\/\/promz.be\/fr\/wp-json\/wp\/v2\/product_cat?post=9662"},{"taxonomy":"product_tag","embeddable":true,"href":"https:\/\/promz.be\/fr\/wp-json\/wp\/v2\/product_tag?post=9662"}],"curies":[{"name":"wp","href":"https:\/\/api.w.org\/{rel}","templated":true}]}}