{"id":9663,"date":"2017-10-13T00:00:00","date_gmt":"2017-10-13T00:00:00","guid":{"rendered":"https:\/\/promz.be\/product\/support-pour-smartphone\/"},"modified":"2018-07-18T08:34:58","modified_gmt":"2018-07-18T08:34:58","slug":"support-pour-smartphone","status":"publish","type":"product","link":"https:\/\/promz.be\/fr\/product\/support-pour-smartphone\/","title":{"rendered":"Support pour smartphone"},"content":{"rendered":"<p>(prix par 1000 pi\u00e8ces)<\/p>\n<p>Languette adh\u00e9sive pour t\u00e9l\u00e9phone portable pour tenir votre smartphone avec 1 doigt sans le laisser tomber. Fabriqu\u00e9\u00e9 \u00e0 partir de mat\u00e9riaux respectueux de l&#8217;environnement et r\u00e9utilisable apr\u00e8s lavage. Ultra adh\u00e9sif et r\u00e9sistant. Peut aussi &#038;ecirc,tre utilis\u00e9 comme support d&#8217;appui. Disponible en diff\u00e9rents coloris et combinaisons peut &#038;ecirc,tre imprim\u00e9 avec votre logo. Importation directe de Chine par avion avec un d\u00e9lai de livraison de +- 3 semaines.<\/p>\n<p>Aussi super pour les formateurs Pokemon. <\/p>\n","protected":false},"excerpt":{"rendered":"<p>(prix par 1000 pi\u00e8ces)<\/p>\n<p>Languette adh\u00e9sive pour t\u00e9l\u00e9phone portable pour tenir votre smartphone avec 1 doigt sans le laisser tomber. Fabriqu\u00e9\u00e9 \u00e0 partir de mat\u00e9riaux respectueux de l&#8217;environnement et r\u00e9utilisable apr\u00e8s lavage. Ultra adh\u00e9sif et r\u00e9sistant. Peut aussi &#038;ecirc,tre utilis\u00e9 comme support d&#8217;appui. Disponible en diff\u00e9rents coloris et combinaisons peut &#038;ecirc,tre imprim\u00e9 avec votre logo. Importation directe de Chine par avion avec un d\u00e9lai de livraison de +- 3 semaines.<\/p>\n<p>Aussi super pour les formateurs Pokemon. <\/p>\n<p> [&#8230;]<\/p>\n<p><a class=\"btn btn-secondary understrap-read-more-link\" href=\"https:\/\/promz.be\/fr\/product\/support-pour-smartphone\/\">Lire la suite&#8230;<\/a><\/p>\n","protected":false},"featured_media":9179,"comment_status":"closed","ping_status":"open","template":"","meta":[],"product_cat":[8745],"product_tag":[],"_links":{"self":[{"href":"https:\/\/promz.be\/fr\/wp-json\/wp\/v2\/product\/9663"}],"collection":[{"href":"https:\/\/promz.be\/fr\/wp-json\/wp\/v2\/product"}],"about":[{"href":"https:\/\/promz.be\/fr\/wp-json\/wp\/v2\/types\/product"}],"replies":[{"embeddable":true,"href":"https:\/\/promz.be\/fr\/wp-json\/wp\/v2\/comments?post=9663"}],"wp:featuredmedia":[{"embeddable":true,"href":"https:\/\/promz.be\/fr\/wp-json\/wp\/v2\/media\/9179"}],"wp:attachment":[{"href":"https:\/\/promz.be\/fr\/wp-json\/wp\/v2\/media?parent=9663"}],"wp:term":[{"taxonomy":"product_cat","embeddable":true,"href":"https:\/\/promz.be\/fr\/wp-json\/wp\/v2\/product_cat?post=9663"},{"taxonomy":"product_tag","embeddable":true,"href":"https:\/\/promz.be\/fr\/wp-json\/wp\/v2\/product_tag?post=9663"}],"curies":[{"name":"wp","href":"https:\/\/api.w.org\/{rel}","templated":true}]}}