{"id":9664,"date":"2017-09-04T00:00:00","date_gmt":"2017-09-04T00:00:00","guid":{"rendered":"https:\/\/promz.be\/product\/baton-disco\/"},"modified":"2018-07-18T08:34:58","modified_gmt":"2018-07-18T08:34:58","slug":"baton-disco","status":"publish","type":"product","link":"https:\/\/promz.be\/fr\/product\/baton-disco\/","title":{"rendered":"B\u00e2ton disco"},"content":{"rendered":"<p>(prix par 1000 pi\u00e8ces)<\/p>\n<p>Le cadeau ultime pour \u00e9claircir vos \u00e9v\u00e9nements. Imprimable \u00e0 partir de 1000 pi\u00e8ces en full color. Disponble en diff\u00e9rentes couleurs de lumi\u00e8re. prix propos\u00e9 pour 1000 pi\u00e8ces avec marquage en 1 couleur inclus. Hors frais techniques.<\/p>\n","protected":false},"excerpt":{"rendered":"<p>(prix par 1000 pi\u00e8ces)<\/p>\n<p>Le cadeau ultime pour \u00e9claircir vos \u00e9v\u00e9nements. Imprimable \u00e0 partir de 1000 pi\u00e8ces en full color. Disponble en diff\u00e9rentes couleurs de lumi\u00e8re. prix propos\u00e9 pour 1000 pi\u00e8ces avec marquage en 1 couleur inclus. Hors frais techniques.<\/p>\n<p> [&#8230;]<\/p>\n<p><a class=\"btn btn-secondary understrap-read-more-link\" href=\"https:\/\/promz.be\/fr\/product\/baton-disco\/\">Lire la suite&#8230;<\/a><\/p>\n","protected":false},"featured_media":7789,"comment_status":"closed","ping_status":"open","template":"","meta":[],"product_cat":[8745],"product_tag":[],"_links":{"self":[{"href":"https:\/\/promz.be\/fr\/wp-json\/wp\/v2\/product\/9664"}],"collection":[{"href":"https:\/\/promz.be\/fr\/wp-json\/wp\/v2\/product"}],"about":[{"href":"https:\/\/promz.be\/fr\/wp-json\/wp\/v2\/types\/product"}],"replies":[{"embeddable":true,"href":"https:\/\/promz.be\/fr\/wp-json\/wp\/v2\/comments?post=9664"}],"wp:featuredmedia":[{"embeddable":true,"href":"https:\/\/promz.be\/fr\/wp-json\/wp\/v2\/media\/7789"}],"wp:attachment":[{"href":"https:\/\/promz.be\/fr\/wp-json\/wp\/v2\/media?parent=9664"}],"wp:term":[{"taxonomy":"product_cat","embeddable":true,"href":"https:\/\/promz.be\/fr\/wp-json\/wp\/v2\/product_cat?post=9664"},{"taxonomy":"product_tag","embeddable":true,"href":"https:\/\/promz.be\/fr\/wp-json\/wp\/v2\/product_tag?post=9664"}],"curies":[{"name":"wp","href":"https:\/\/api.w.org\/{rel}","templated":true}]}}