{"id":9665,"date":"2018-02-23T00:00:00","date_gmt":"2018-02-23T00:00:00","guid":{"rendered":"https:\/\/promz.be\/product\/bouteille-isotherme-a-fermeture-facile-anti-fuites\/"},"modified":"2018-07-18T08:34:58","modified_gmt":"2018-07-18T08:34:58","slug":"bouteille-isotherme-a-fermeture-facile-anti-fuites","status":"publish","type":"product","link":"https:\/\/promz.be\/fr\/product\/bouteille-isotherme-a-fermeture-facile-anti-fuites\/","title":{"rendered":"Bouteille isotherme \u00e0 fermeture facile anti-fuites"},"content":{"rendered":"<p>(prix par 1000 pi\u00e8ces)<\/p>\n<p>Le couvercle \u00e0 fermeture herm\u00e9tique est muni d&#8217;un syst\u00e8me de verrouillage ing\u00e9nieux, parfait pour \u00e9viter tout risque de fuite ou de d\u00e9versement.<\/p>\n<p><strong>Facile \u00e0 ouvrir et \u00e0 fermer<\/strong>Facile \u00e0 manier d&#8217;une seule main gr\u00e2ce \u00e0 son couvercle basculant muni d&#8217;un bouton-poussoir, cette bouteille vous permet en outre de boire tr\u00e8s ais\u00e9ment. <strong>Excellente isolation<\/strong>La bouteille est en acier inoxydable. Sa double paroi isolante sous vide offre une excellente isolation. Elle vous permet de garder vos boissons chaudes pendant maximum 6 heures et vos boissons fra&#038;icirc,ches pendant 4 heures. <strong>Toujours \u00e0 port\u00e9e de main<\/strong> La bouteille isotherme Easy Lock convient \u00e0 la plupart des porte-gobelets de voiture. Sa capacit\u00e9 de 450 ml invite \u00e0 ce qu&#8217;on la remplisse \u00e0 nouveau. <strong>Le verrouillage<\/strong> Le syst\u00e8me Easy Lock est un d\u00e9tail ing\u00e9nieux qui permet d&#8217;\u00e9viter les petits incidents dus aux fuites, comme par exemple les salissures, ou m&#038;ecirc,me les br&#038;ucirc,lures. Pas besoin de vous inqui\u00e9ter de l&#8217;ouverture accidentelle du couvercle. Gr\u00e2ce au couvercle Easy Lock, il est tout \u00e0 fait impossible que cela arrive. Vous pourrez juste boire votre boisson et ce, sans aucun gaspillage , c&#8217;est garanti. Le bouton de verrouillage s&#8217;actionne d&#8217;une main en le faisant glisser vers le bas pour verrouiller ou vers le haut pour ouvrir. Donc, m&#038;ecirc,me si vous n&#8217;avez pas vos deux mains libres, il vous sera toujours facile de boire et ce, en toute s\u00e9curit\u00e9. Directement de la bouteille ! <\/p>\n<p><strong>Le couvercle<\/strong> Lorsque le syst\u00e8me de verrouillage est en position \u00ab ouvert \u00bb, il vous sera facile de boire d&#8217;une main. Appuyez sur le gros bouton et le couvercle de la bouteille s&#8217;ouvrira. Gr\u00e2ce \u00e0 son bord lisse et confortable, il est agr\u00e9able de boire directement de la bouteille. Un vide d&#8217;air suppl\u00e9mentaire permettra un d\u00e9bit continu de votre boisson. Le nettoyage de votre bouteille est facile. Tous les \u00e9l\u00e9ments peuvent &#038;ecirc,tre d\u00e9mont\u00e9s, permettant ainsi un nettoyage parfait.<\/p>\n<p><strong>Nettoyez-la bien<\/strong> Afin de pouvoir profiter longtemps de votre bouteille isotherme, il est bien entendu important de bien la nettoyer. Le couvercle est compos\u00e9 de trois \u00e9l\u00e9ments s\u00e9par\u00e9s que vous pouvez facilement d\u00e9monter et nettoyer au lave-vaisselle. Mieux vaut laver la bouteille elle-m&#038;ecirc,me \u00e0 la main, avec de l&#8217;eau chaude et un peu de liquide \u00e0 vaisselle. <\/p>\n","protected":false},"excerpt":{"rendered":"<p>(prix par 1000 pi\u00e8ces)<\/p>\n<p>Le couvercle \u00e0 fermeture herm\u00e9tique est muni d&#8217;un syst\u00e8me de verrouillage ing\u00e9nieux, parfait pour \u00e9viter tout risque de fuite ou de d\u00e9versement.<\/p>\n<p><strong>Facile \u00e0 ouvrir et \u00e0 fermer<\/strong>Facile \u00e0 manier d&#8217;une seule main gr\u00e2ce \u00e0 son couvercle basculant muni d&#8217;un bouton-poussoir, cette bouteille vous permet en outre de boire tr\u00e8s ais\u00e9ment. <strong>Excellente isolation<\/strong>La bouteille est en acier inoxydable. Sa double paroi isolante sous vide offre une excellente isolation. Elle vous permet de garder vos boissons chaudes pendant maximum 6 heures et vos boissons fra&#038;icirc,ches pendant 4 heures. <strong>Toujours \u00e0 port\u00e9e de main<\/strong> La bouteille isotherme Easy Lock convient \u00e0 la plupart des porte-gobelets de voiture. Sa capacit\u00e9 de 450 ml invite \u00e0 ce qu&#8217;on la remplisse \u00e0 nouveau. <strong>Le verrouillage<\/strong> Le syst\u00e8me Easy Lock est un d\u00e9tail ing\u00e9nieux qui permet d&#8217;\u00e9viter les petits incidents dus aux fuites, comme par exemple les salissures, ou m&#038;ecirc,me les br&#038;ucirc,lures. Pas besoin de vous inqui\u00e9ter de l&#8217;ouverture accidentelle du couvercle. Gr\u00e2ce au couvercle Easy Lock, il est tout \u00e0 fait impossible que cela arrive. Vous pourrez juste boire votre boisson et ce, sans aucun gaspillage , c&#8217;est garanti. Le bouton de verrouillage s&#8217;actionne d&#8217;une main en le faisant glisser vers le bas pour verrouiller ou vers le haut pour ouvrir. Donc, m&#038;ecirc,me si vous n&#8217;avez pas vos deux mains libres, il vous sera toujours facile de boire et ce, en toute s\u00e9curit\u00e9. Directement de la bouteille ! <\/p>\n<p><strong>Le couvercle<\/strong> Lorsque le syst\u00e8me de verrouillage est en position \u00ab ouvert \u00bb, il vous sera facile de boire d&#8217;une main. Appuyez sur le gros bouton et le couvercle de la bouteille s&#8217;ouvrira. Gr\u00e2ce \u00e0 son bord lisse et confortable, il est agr\u00e9able de boire directement de la bouteille. Un vide d&#8217;air suppl\u00e9mentaire permettra un d\u00e9bit continu de votre boisson. Le nettoyage de votre bouteille est facile. Tous les \u00e9l\u00e9ments peuvent &#038;ecirc,tre d\u00e9mont\u00e9s, permettant ainsi un nettoyage parfait.<\/p>\n<p><strong>Nettoyez-la bien<\/strong> Afin de pouvoir profiter longtemps de votre bouteille isotherme, il est bien entendu important de bien la nettoyer. Le couvercle est compos\u00e9 de trois \u00e9l\u00e9ments s\u00e9par\u00e9s que vous pouvez facilement d\u00e9monter et nettoyer au lave-vaisselle. Mieux vaut laver la bouteille elle-m&#038;ecirc,me \u00e0 la main, avec de l&#8217;eau chaude et un peu de liquide \u00e0 vaisselle. <\/p>\n<p> [&#8230;]<\/p>\n<p><a class=\"btn btn-secondary understrap-read-more-link\" href=\"https:\/\/promz.be\/fr\/product\/bouteille-isotherme-a-fermeture-facile-anti-fuites\/\">Lire la suite&#8230;<\/a><\/p>\n","protected":false},"featured_media":6541,"comment_status":"closed","ping_status":"open","template":"","meta":[],"product_cat":[8745],"product_tag":[],"_links":{"self":[{"href":"https:\/\/promz.be\/fr\/wp-json\/wp\/v2\/product\/9665"}],"collection":[{"href":"https:\/\/promz.be\/fr\/wp-json\/wp\/v2\/product"}],"about":[{"href":"https:\/\/promz.be\/fr\/wp-json\/wp\/v2\/types\/product"}],"replies":[{"embeddable":true,"href":"https:\/\/promz.be\/fr\/wp-json\/wp\/v2\/comments?post=9665"}],"wp:featuredmedia":[{"embeddable":true,"href":"https:\/\/promz.be\/fr\/wp-json\/wp\/v2\/media\/6541"}],"wp:attachment":[{"href":"https:\/\/promz.be\/fr\/wp-json\/wp\/v2\/media?parent=9665"}],"wp:term":[{"taxonomy":"product_cat","embeddable":true,"href":"https:\/\/promz.be\/fr\/wp-json\/wp\/v2\/product_cat?post=9665"},{"taxonomy":"product_tag","embeddable":true,"href":"https:\/\/promz.be\/fr\/wp-json\/wp\/v2\/product_tag?post=9665"}],"curies":[{"name":"wp","href":"https:\/\/api.w.org\/{rel}","templated":true}]}}