{"id":9666,"date":"2017-08-03T00:00:00","date_gmt":"2017-08-03T00:00:00","guid":{"rendered":"https:\/\/promz.be\/product\/stickers-anti-derapants-pour-gsm\/"},"modified":"2018-07-18T08:34:59","modified_gmt":"2018-07-18T08:34:59","slug":"stickers-anti-derapants-pour-gsm","status":"publish","type":"product","link":"https:\/\/promz.be\/fr\/product\/stickers-anti-derapants-pour-gsm\/","title":{"rendered":"Stickers anti-d\u00e9rapants pour gsm"},"content":{"rendered":"<p>(prix par 1000 pi\u00e8ces)<\/p>\n<p>Le Mobile Gripp ou sticker anti-d\u00e9rapant est le parfait accessoire pour votre smartphone. Le Mobile Gripp emp&#038;ecirc,che l&#8217;i-phone de glisser sur une surface inclin\u00e9e, comme un tableau de bord d&#8217;une voiture (m&#038;ecirc,me lors d&#8217;un freinage brusque il ne bouge pas).Il ne colle pas et il est compl\u00e8tement imprimable en couleurs ce qui en fait l&#8217;outil de communication id\u00e9al! Le sticker est livr\u00e9 avec une carte imprim\u00e9e avec votre message publicitaire et le manuel d&#8217;emploi.<\/p>\n<p>Aussi super pour les dresseurs Pokemon. <\/p>\n","protected":false},"excerpt":{"rendered":"<p>(prix par 1000 pi\u00e8ces)<\/p>\n<p>Le Mobile Gripp ou sticker anti-d\u00e9rapant est le parfait accessoire pour votre smartphone. Le Mobile Gripp emp&#038;ecirc,che l&#8217;i-phone de glisser sur une surface inclin\u00e9e, comme un tableau de bord d&#8217;une voiture (m&#038;ecirc,me lors d&#8217;un freinage brusque il ne bouge pas).Il ne colle pas et il est compl\u00e8tement imprimable en couleurs ce qui en fait l&#8217;outil de communication id\u00e9al! Le sticker est livr\u00e9 avec une carte imprim\u00e9e avec votre message publicitaire et le manuel d&#8217;emploi.<\/p>\n<p>Aussi super pour les dresseurs Pokemon. <\/p>\n<p> [&#8230;]<\/p>\n<p><a class=\"btn btn-secondary understrap-read-more-link\" href=\"https:\/\/promz.be\/fr\/product\/stickers-anti-derapants-pour-gsm\/\">Lire la suite&#8230;<\/a><\/p>\n","protected":false},"featured_media":9170,"comment_status":"closed","ping_status":"open","template":"","meta":[],"product_cat":[8745],"product_tag":[],"_links":{"self":[{"href":"https:\/\/promz.be\/fr\/wp-json\/wp\/v2\/product\/9666"}],"collection":[{"href":"https:\/\/promz.be\/fr\/wp-json\/wp\/v2\/product"}],"about":[{"href":"https:\/\/promz.be\/fr\/wp-json\/wp\/v2\/types\/product"}],"replies":[{"embeddable":true,"href":"https:\/\/promz.be\/fr\/wp-json\/wp\/v2\/comments?post=9666"}],"wp:featuredmedia":[{"embeddable":true,"href":"https:\/\/promz.be\/fr\/wp-json\/wp\/v2\/media\/9170"}],"wp:attachment":[{"href":"https:\/\/promz.be\/fr\/wp-json\/wp\/v2\/media?parent=9666"}],"wp:term":[{"taxonomy":"product_cat","embeddable":true,"href":"https:\/\/promz.be\/fr\/wp-json\/wp\/v2\/product_cat?post=9666"},{"taxonomy":"product_tag","embeddable":true,"href":"https:\/\/promz.be\/fr\/wp-json\/wp\/v2\/product_tag?post=9666"}],"curies":[{"name":"wp","href":"https:\/\/api.w.org\/{rel}","templated":true}]}}