{"id":9667,"date":"2017-11-01T00:00:00","date_gmt":"2017-11-01T00:00:00","guid":{"rendered":"https:\/\/promz.be\/product\/faire-des-selfies-sans-le-baton-pour-selfie\/"},"modified":"2018-07-18T08:34:59","modified_gmt":"2018-07-18T08:34:59","slug":"faire-des-selfies-sans-le-baton-pour-selfie","status":"publish","type":"product","link":"https:\/\/promz.be\/fr\/product\/faire-des-selfies-sans-le-baton-pour-selfie\/","title":{"rendered":"faire des selfies, sans le b\u00e2ton pour selfie"},"content":{"rendered":"<p>(prix par 1000 pi\u00e8ces)<\/p>\n<p>Le selfiestick est dans de plus en plus d&#8217;endroits, tels que les mus\u00e9es, interdit.<\/p>\n<p>Maintenant, aussi Disney a d\u00e9cid\u00e9 une interdiction mondiale de l&#8217;utilisation de b\u00e2tons de selfie dans ses parcs.<\/p>\n<p>Mais ne vous inqui\u00e9tez pas: ce super lentille fournit le m&#038;ecirc,me effet comme un b\u00e2ton de selfie.<\/p>\n","protected":false},"excerpt":{"rendered":"<p>(prix par 1000 pi\u00e8ces)<\/p>\n<p>Le selfiestick est dans de plus en plus d&#8217;endroits, tels que les mus\u00e9es, interdit.<\/p>\n<p>Maintenant, aussi Disney a d\u00e9cid\u00e9 une interdiction mondiale de l&#8217;utilisation de b\u00e2tons de selfie dans ses parcs.<\/p>\n<p>Mais ne vous inqui\u00e9tez pas: ce super lentille fournit le m&#038;ecirc,me effet comme un b\u00e2ton de selfie.<\/p>\n<p> [&#8230;]<\/p>\n<p><a class=\"btn btn-secondary understrap-read-more-link\" href=\"https:\/\/promz.be\/fr\/product\/faire-des-selfies-sans-le-baton-pour-selfie\/\">Lire la suite&#8230;<\/a><\/p>\n","protected":false},"featured_media":9173,"comment_status":"closed","ping_status":"open","template":"","meta":[],"product_cat":[8745],"product_tag":[],"_links":{"self":[{"href":"https:\/\/promz.be\/fr\/wp-json\/wp\/v2\/product\/9667"}],"collection":[{"href":"https:\/\/promz.be\/fr\/wp-json\/wp\/v2\/product"}],"about":[{"href":"https:\/\/promz.be\/fr\/wp-json\/wp\/v2\/types\/product"}],"replies":[{"embeddable":true,"href":"https:\/\/promz.be\/fr\/wp-json\/wp\/v2\/comments?post=9667"}],"wp:featuredmedia":[{"embeddable":true,"href":"https:\/\/promz.be\/fr\/wp-json\/wp\/v2\/media\/9173"}],"wp:attachment":[{"href":"https:\/\/promz.be\/fr\/wp-json\/wp\/v2\/media?parent=9667"}],"wp:term":[{"taxonomy":"product_cat","embeddable":true,"href":"https:\/\/promz.be\/fr\/wp-json\/wp\/v2\/product_cat?post=9667"},{"taxonomy":"product_tag","embeddable":true,"href":"https:\/\/promz.be\/fr\/wp-json\/wp\/v2\/product_tag?post=9667"}],"curies":[{"name":"wp","href":"https:\/\/api.w.org\/{rel}","templated":true}]}}