{"id":9668,"date":"2017-11-06T00:00:00","date_gmt":"2017-11-06T00:00:00","guid":{"rendered":"https:\/\/promz.be\/product\/styllo-bille-suisse-avec-reservoir\/"},"modified":"2018-07-18T08:35:00","modified_gmt":"2018-07-18T08:35:00","slug":"styllo-bille-suisse-avec-reservoir","status":"publish","type":"product","link":"https:\/\/promz.be\/fr\/product\/styllo-bille-suisse-avec-reservoir\/","title":{"rendered":"styllo bille suisse avec r\u00e9servoir"},"content":{"rendered":"<p>(prix par 1000 pi\u00e8ces)<\/p>\n<p>Le styllo bille suisse a dans la partie sup\u00e9rieure un r\u00e9servoir . Dans le r\u00e9servoir vous pouvez mettez votre \u00e9l\u00e9ment. Pensez \u00e0 une vis, grain de caf\u00e9 ou des graines pour plantes .<\/p>\n","protected":false},"excerpt":{"rendered":"<p>(prix par 1000 pi\u00e8ces)<\/p>\n<p>Le styllo bille suisse a dans la partie sup\u00e9rieure un r\u00e9servoir . Dans le r\u00e9servoir vous pouvez mettez votre \u00e9l\u00e9ment. Pensez \u00e0 une vis, grain de caf\u00e9 ou des graines pour plantes .<\/p>\n<p> [&#8230;]<\/p>\n<p><a class=\"btn btn-secondary understrap-read-more-link\" href=\"https:\/\/promz.be\/fr\/product\/styllo-bille-suisse-avec-reservoir\/\">Lire la suite&#8230;<\/a><\/p>\n","protected":false},"featured_media":8731,"comment_status":"closed","ping_status":"open","template":"","meta":[],"product_cat":[8745],"product_tag":[],"_links":{"self":[{"href":"https:\/\/promz.be\/fr\/wp-json\/wp\/v2\/product\/9668"}],"collection":[{"href":"https:\/\/promz.be\/fr\/wp-json\/wp\/v2\/product"}],"about":[{"href":"https:\/\/promz.be\/fr\/wp-json\/wp\/v2\/types\/product"}],"replies":[{"embeddable":true,"href":"https:\/\/promz.be\/fr\/wp-json\/wp\/v2\/comments?post=9668"}],"wp:featuredmedia":[{"embeddable":true,"href":"https:\/\/promz.be\/fr\/wp-json\/wp\/v2\/media\/8731"}],"wp:attachment":[{"href":"https:\/\/promz.be\/fr\/wp-json\/wp\/v2\/media?parent=9668"}],"wp:term":[{"taxonomy":"product_cat","embeddable":true,"href":"https:\/\/promz.be\/fr\/wp-json\/wp\/v2\/product_cat?post=9668"},{"taxonomy":"product_tag","embeddable":true,"href":"https:\/\/promz.be\/fr\/wp-json\/wp\/v2\/product_tag?post=9668"}],"curies":[{"name":"wp","href":"https:\/\/api.w.org\/{rel}","templated":true}]}}