{"id":9670,"date":"2018-01-24T00:00:00","date_gmt":"2018-01-24T00:00:00","guid":{"rendered":"https:\/\/promz.be\/product\/bloquez-les-ondes-de-votre-smartphone\/"},"modified":"2018-07-18T08:35:01","modified_gmt":"2018-07-18T08:35:01","slug":"bloquez-les-ondes-de-votre-smartphone","status":"publish","type":"product","link":"https:\/\/promz.be\/fr\/product\/bloquez-les-ondes-de-votre-smartphone\/","title":{"rendered":"Bloquez les ondes de votre Smartphone"},"content":{"rendered":"<p>(prix par 1000 pi\u00e8ces)<\/p>\n<p>Nous le savons tous: les ondes \u00e9mises par un t\u00e9l\u00e9phone ne sont probablement pas tr\u00e8s bonnes pour le corps humain. Surfez un peu sur Internet et vous trouverez des tas d&#8217;articles \u00e0 ce sujet.Il semblerait que ce soit beaucoup mieux de poser votre t\u00e9l\u00e9phone \u00e0 au moins quelques m\u00e8tres de distance lorsque vous ne l&#8217;utilisez pas, par exemple la nuit.<strong>Cette invention est comme un mur , elle bloque et absorbe la majeure partie des ondes, de sorte que qu&#8217;il est moins nuisible de garder votre t\u00e9l\u00e9phone sur la table de chevet ou sur votre bureau.<\/strong><\/p>\n<p>Il est possible d&#8217;imprimer cet article en couleur \u00e0 l&#8217;ext\u00e9rieur. C&#8217;est un article parfait pour les h\u00f4tels, comme calendrier de bureau ou article de mailing direct. Mais aussi pour tous ceux qui travaillent dans le domaine du sommeil ou se soucient de leurs clients.<\/p>\n<p>Est livr\u00e9 individuellement, emball\u00e9 \u00e0 plat dans un polybag.<\/p>\n","protected":false},"excerpt":{"rendered":"<p>(prix par 1000 pi\u00e8ces)<\/p>\n<p>Nous le savons tous: les ondes \u00e9mises par un t\u00e9l\u00e9phone ne sont probablement pas tr\u00e8s bonnes pour le corps humain. Surfez un peu sur Internet et vous trouverez des tas d&#8217;articles \u00e0 ce sujet.Il semblerait que ce soit beaucoup mieux de poser votre t\u00e9l\u00e9phone \u00e0 au moins quelques m\u00e8tres de distance lorsque vous ne l&#8217;utilisez pas, par exemple la nuit.<strong>Cette invention est comme un mur , elle bloque et absorbe la majeure partie des ondes, de sorte que qu&#8217;il est moins nuisible de garder votre t\u00e9l\u00e9phone sur la table de chevet ou sur votre bureau.<\/strong><\/p>\n<p>Il est possible d&#8217;imprimer cet article en couleur \u00e0 l&#8217;ext\u00e9rieur. C&#8217;est un article parfait pour les h\u00f4tels, comme calendrier de bureau ou article de mailing direct. Mais aussi pour tous ceux qui travaillent dans le domaine du sommeil ou se soucient de leurs clients.<\/p>\n<p>Est livr\u00e9 individuellement, emball\u00e9 \u00e0 plat dans un polybag.<\/p>\n<p> [&#8230;]<\/p>\n<p><a class=\"btn btn-secondary understrap-read-more-link\" href=\"https:\/\/promz.be\/fr\/product\/bloquez-les-ondes-de-votre-smartphone\/\">Lire la suite&#8230;<\/a><\/p>\n","protected":false},"featured_media":9191,"comment_status":"closed","ping_status":"open","template":"","meta":[],"product_cat":[8745],"product_tag":[],"_links":{"self":[{"href":"https:\/\/promz.be\/fr\/wp-json\/wp\/v2\/product\/9670"}],"collection":[{"href":"https:\/\/promz.be\/fr\/wp-json\/wp\/v2\/product"}],"about":[{"href":"https:\/\/promz.be\/fr\/wp-json\/wp\/v2\/types\/product"}],"replies":[{"embeddable":true,"href":"https:\/\/promz.be\/fr\/wp-json\/wp\/v2\/comments?post=9670"}],"wp:featuredmedia":[{"embeddable":true,"href":"https:\/\/promz.be\/fr\/wp-json\/wp\/v2\/media\/9191"}],"wp:attachment":[{"href":"https:\/\/promz.be\/fr\/wp-json\/wp\/v2\/media?parent=9670"}],"wp:term":[{"taxonomy":"product_cat","embeddable":true,"href":"https:\/\/promz.be\/fr\/wp-json\/wp\/v2\/product_cat?post=9670"},{"taxonomy":"product_tag","embeddable":true,"href":"https:\/\/promz.be\/fr\/wp-json\/wp\/v2\/product_tag?post=9670"}],"curies":[{"name":"wp","href":"https:\/\/api.w.org\/{rel}","templated":true}]}}