{"id":9671,"date":"2017-12-15T00:00:00","date_gmt":"2017-12-15T00:00:00","guid":{"rendered":"https:\/\/promz.be\/product\/porte-telephonetablette\/"},"modified":"2018-07-18T08:35:01","modified_gmt":"2018-07-18T08:35:01","slug":"porte-telephonetablette","status":"publish","type":"product","link":"https:\/\/promz.be\/fr\/product\/porte-telephonetablette\/","title":{"rendered":"Porte t\u00e9l\u00e9phone\/tablette"},"content":{"rendered":"<p>(prix par 1000 pi\u00e8ces)<\/p>\n<p>Porte t\u00e9l\u00e9phone\/tablette Thumbs Up. Support en forme de main au design \u00e9pur\u00e9 faisant office de support m\u00e9dia pour les \u00e9quipements mobiles et les tablettes. Id\u00e9al pour regarder un film, jouer, etc&#8230;&#8230;<\/p>\n","protected":false},"excerpt":{"rendered":"<p>(prix par 1000 pi\u00e8ces)<\/p>\n<p>Porte t\u00e9l\u00e9phone\/tablette Thumbs Up. Support en forme de main au design \u00e9pur\u00e9 faisant office de support m\u00e9dia pour les \u00e9quipements mobiles et les tablettes. Id\u00e9al pour regarder un film, jouer, etc&#8230;&#8230;<\/p>\n<p> [&#8230;]<\/p>\n<p><a class=\"btn btn-secondary understrap-read-more-link\" href=\"https:\/\/promz.be\/fr\/product\/porte-telephonetablette\/\">Lire la suite&#8230;<\/a><\/p>\n","protected":false},"featured_media":9188,"comment_status":"closed","ping_status":"open","template":"","meta":[],"product_cat":[8745],"product_tag":[],"_links":{"self":[{"href":"https:\/\/promz.be\/fr\/wp-json\/wp\/v2\/product\/9671"}],"collection":[{"href":"https:\/\/promz.be\/fr\/wp-json\/wp\/v2\/product"}],"about":[{"href":"https:\/\/promz.be\/fr\/wp-json\/wp\/v2\/types\/product"}],"replies":[{"embeddable":true,"href":"https:\/\/promz.be\/fr\/wp-json\/wp\/v2\/comments?post=9671"}],"wp:featuredmedia":[{"embeddable":true,"href":"https:\/\/promz.be\/fr\/wp-json\/wp\/v2\/media\/9188"}],"wp:attachment":[{"href":"https:\/\/promz.be\/fr\/wp-json\/wp\/v2\/media?parent=9671"}],"wp:term":[{"taxonomy":"product_cat","embeddable":true,"href":"https:\/\/promz.be\/fr\/wp-json\/wp\/v2\/product_cat?post=9671"},{"taxonomy":"product_tag","embeddable":true,"href":"https:\/\/promz.be\/fr\/wp-json\/wp\/v2\/product_tag?post=9671"}],"curies":[{"name":"wp","href":"https:\/\/api.w.org\/{rel}","templated":true}]}}