{"id":9672,"date":"2018-04-03T00:00:00","date_gmt":"2018-04-03T00:00:00","guid":{"rendered":"https:\/\/promz.be\/product\/porte-cartes-pour-telephone-portable\/"},"modified":"2018-07-18T08:35:02","modified_gmt":"2018-07-18T08:35:02","slug":"porte-cartes-pour-telephone-portable","status":"publish","type":"product","link":"https:\/\/promz.be\/fr\/product\/porte-cartes-pour-telephone-portable\/","title":{"rendered":"Porte-cartes pour t\u00e9l\u00e9phone portable"},"content":{"rendered":"<p>(prix par 1000 pi\u00e8ces)<\/p>\n<p>Porte-cartes en silicone qui se place au dos de votre portable. Se fixe facilement gr\u00e2ce \u00e0 l&#8217;autocollant 3M. Vous pouvez y glisser 2 ou 3 cartes. Peut-etre produit dans votre couleur pantone avec une impression maximum de 3 couleurs.<\/p>\n<p>Minimum de commande : 500 pi\u00e8ces<\/p>\n","protected":false},"excerpt":{"rendered":"<p>(prix par 1000 pi\u00e8ces)<\/p>\n<p>Porte-cartes en silicone qui se place au dos de votre portable. Se fixe facilement gr\u00e2ce \u00e0 l&#8217;autocollant 3M. Vous pouvez y glisser 2 ou 3 cartes. Peut-etre produit dans votre couleur pantone avec une impression maximum de 3 couleurs.<\/p>\n<p>Minimum de commande : 500 pi\u00e8ces<\/p>\n<p> [&#8230;]<\/p>\n<p><a class=\"btn btn-secondary understrap-read-more-link\" href=\"https:\/\/promz.be\/fr\/product\/porte-cartes-pour-telephone-portable\/\">Lire la suite&#8230;<\/a><\/p>\n","protected":false},"featured_media":9182,"comment_status":"closed","ping_status":"open","template":"","meta":[],"product_cat":[8745],"product_tag":[],"_links":{"self":[{"href":"https:\/\/promz.be\/fr\/wp-json\/wp\/v2\/product\/9672"}],"collection":[{"href":"https:\/\/promz.be\/fr\/wp-json\/wp\/v2\/product"}],"about":[{"href":"https:\/\/promz.be\/fr\/wp-json\/wp\/v2\/types\/product"}],"replies":[{"embeddable":true,"href":"https:\/\/promz.be\/fr\/wp-json\/wp\/v2\/comments?post=9672"}],"wp:featuredmedia":[{"embeddable":true,"href":"https:\/\/promz.be\/fr\/wp-json\/wp\/v2\/media\/9182"}],"wp:attachment":[{"href":"https:\/\/promz.be\/fr\/wp-json\/wp\/v2\/media?parent=9672"}],"wp:term":[{"taxonomy":"product_cat","embeddable":true,"href":"https:\/\/promz.be\/fr\/wp-json\/wp\/v2\/product_cat?post=9672"},{"taxonomy":"product_tag","embeddable":true,"href":"https:\/\/promz.be\/fr\/wp-json\/wp\/v2\/product_tag?post=9672"}],"curies":[{"name":"wp","href":"https:\/\/api.w.org\/{rel}","templated":true}]}}