{"id":9673,"date":"2017-10-09T00:00:00","date_gmt":"2017-10-09T00:00:00","guid":{"rendered":"https:\/\/promz.be\/product\/sac-a-dos-personnalise\/"},"modified":"2018-07-18T08:35:02","modified_gmt":"2018-07-18T08:35:02","slug":"sac-a-dos-personnalise","status":"publish","type":"product","link":"https:\/\/promz.be\/fr\/product\/sac-a-dos-personnalise\/","title":{"rendered":"Sac \u00e0 dos personnalis\u00e9"},"content":{"rendered":"<p>(prix par 1000 pi\u00e8ces)<\/p>\n<p>Sac \u00e0 dos promotionnel avec cordon de serrage. <span class=hps atn>L&#8217;impression offset UV . Mat\u00e9riel: non tiss\u00e9 100g \/ m2. Conception avant et l&#8217;arri\u00e8re qui peut \u00e9ventuellement &#038;ecirc,tre identique ou diff\u00e9rente. Grand choix de la couleur cordon. Achat minimum de de 1000 unit\u00e9s. Production europ\u00e9enne.Disponible en deux tailles: 33 x 40cm \/ 33 x 45cm<\/p>\n","protected":false},"excerpt":{"rendered":"<p>(prix par 1000 pi\u00e8ces)<\/p>\n<p>Sac \u00e0 dos promotionnel avec cordon de serrage. <span class=hps atn>L&#8217;impression offset UV . Mat\u00e9riel: non tiss\u00e9 100g \/ m2. Conception avant et l&#8217;arri\u00e8re qui peut \u00e9ventuellement &#038;ecirc,tre identique ou diff\u00e9rente. Grand choix de la couleur cordon. Achat minimum de de 1000 unit\u00e9s. Production europ\u00e9enne.Disponible en deux tailles: 33 x 40cm \/ 33 x 45cm<\/p>\n<p> [&#8230;]<\/p>\n<p><a class=\"btn btn-secondary understrap-read-more-link\" href=\"https:\/\/promz.be\/fr\/product\/sac-a-dos-personnalise\/\">Lire la suite&#8230;<\/a><\/p>\n","protected":false},"featured_media":7649,"comment_status":"closed","ping_status":"open","template":"","meta":[],"product_cat":[8745],"product_tag":[],"_links":{"self":[{"href":"https:\/\/promz.be\/fr\/wp-json\/wp\/v2\/product\/9673"}],"collection":[{"href":"https:\/\/promz.be\/fr\/wp-json\/wp\/v2\/product"}],"about":[{"href":"https:\/\/promz.be\/fr\/wp-json\/wp\/v2\/types\/product"}],"replies":[{"embeddable":true,"href":"https:\/\/promz.be\/fr\/wp-json\/wp\/v2\/comments?post=9673"}],"wp:featuredmedia":[{"embeddable":true,"href":"https:\/\/promz.be\/fr\/wp-json\/wp\/v2\/media\/7649"}],"wp:attachment":[{"href":"https:\/\/promz.be\/fr\/wp-json\/wp\/v2\/media?parent=9673"}],"wp:term":[{"taxonomy":"product_cat","embeddable":true,"href":"https:\/\/promz.be\/fr\/wp-json\/wp\/v2\/product_cat?post=9673"},{"taxonomy":"product_tag","embeddable":true,"href":"https:\/\/promz.be\/fr\/wp-json\/wp\/v2\/product_tag?post=9673"}],"curies":[{"name":"wp","href":"https:\/\/api.w.org\/{rel}","templated":true}]}}