{"id":9674,"date":"2017-10-25T00:00:00","date_gmt":"2017-10-25T00:00:00","guid":{"rendered":"https:\/\/promz.be\/product\/sac-de-convention-avec-boucle-de-stylo\/"},"modified":"2018-07-18T08:35:03","modified_gmt":"2018-07-18T08:35:03","slug":"sac-de-convention-avec-boucle-de-stylo","status":"publish","type":"product","link":"https:\/\/promz.be\/fr\/product\/sac-de-convention-avec-boucle-de-stylo\/","title":{"rendered":"Sac de convention avec  boucle de stylo"},"content":{"rendered":"<p>(prix par 1000 pi\u00e8ces)<\/p>\n<p>Sac de convention, Sac fourre-tout bon march\u00e9 pour les salons, les congr\u00e8s et les r\u00e9unions d&#8217;affaires pr\u00e9sentant des teintes rafra&#038;icirc,chissantes et des couleurs aux tendances populaires.<\/p>\n<p>Compartiment principal ouvert et boucle de stylo sur le devant. Hauteur de poign\u00e9e de 30 cm.<\/p>\n","protected":false},"excerpt":{"rendered":"<p>(prix par 1000 pi\u00e8ces)<\/p>\n<p>Sac de convention, Sac fourre-tout bon march\u00e9 pour les salons, les congr\u00e8s et les r\u00e9unions d&#8217;affaires pr\u00e9sentant des teintes rafra&#038;icirc,chissantes et des couleurs aux tendances populaires.<\/p>\n<p>Compartiment principal ouvert et boucle de stylo sur le devant. Hauteur de poign\u00e9e de 30 cm.<\/p>\n<p> [&#8230;]<\/p>\n<p><a class=\"btn btn-secondary understrap-read-more-link\" href=\"https:\/\/promz.be\/fr\/product\/sac-de-convention-avec-boucle-de-stylo\/\">Lire la suite&#8230;<\/a><\/p>\n","protected":false},"featured_media":9132,"comment_status":"closed","ping_status":"open","template":"","meta":[],"product_cat":[8745],"product_tag":[],"_links":{"self":[{"href":"https:\/\/promz.be\/fr\/wp-json\/wp\/v2\/product\/9674"}],"collection":[{"href":"https:\/\/promz.be\/fr\/wp-json\/wp\/v2\/product"}],"about":[{"href":"https:\/\/promz.be\/fr\/wp-json\/wp\/v2\/types\/product"}],"replies":[{"embeddable":true,"href":"https:\/\/promz.be\/fr\/wp-json\/wp\/v2\/comments?post=9674"}],"wp:featuredmedia":[{"embeddable":true,"href":"https:\/\/promz.be\/fr\/wp-json\/wp\/v2\/media\/9132"}],"wp:attachment":[{"href":"https:\/\/promz.be\/fr\/wp-json\/wp\/v2\/media?parent=9674"}],"wp:term":[{"taxonomy":"product_cat","embeddable":true,"href":"https:\/\/promz.be\/fr\/wp-json\/wp\/v2\/product_cat?post=9674"},{"taxonomy":"product_tag","embeddable":true,"href":"https:\/\/promz.be\/fr\/wp-json\/wp\/v2\/product_tag?post=9674"}],"curies":[{"name":"wp","href":"https:\/\/api.w.org\/{rel}","templated":true}]}}