{"id":9676,"date":"2017-08-24T00:00:00","date_gmt":"2017-08-24T00:00:00","guid":{"rendered":"https:\/\/promz.be\/product\/balmain-stylet-stylo-a-bille\/"},"modified":"2018-07-18T08:35:04","modified_gmt":"2018-07-18T08:35:04","slug":"balmain-stylet-stylo-a-bille","status":"publish","type":"product","link":"https:\/\/promz.be\/fr\/product\/balmain-stylet-stylo-a-bille\/","title":{"rendered":"Balmain Stylet stylo \u00e0 bille"},"content":{"rendered":"<p>(prix par 1000 pi\u00e8ces)<\/p>\n<p>Stylet stylo \u00e0 bille Balmain.Look \u00e9l\u00e9gant et sensation de solidit\u00e9 sont r\u00e9unis dans ce stylo \u00e0 bille avec stylet au design exclusif. Le corps est compl\u00e9t\u00e9 par une poign\u00e9e tactile. Pr\u00e9sentation dans coffret cadeau Balmain.<\/p>\n<p>Gravure<\/p>\n","protected":false},"excerpt":{"rendered":"<p>(prix par 1000 pi\u00e8ces)<\/p>\n<p>Stylet stylo \u00e0 bille Balmain.Look \u00e9l\u00e9gant et sensation de solidit\u00e9 sont r\u00e9unis dans ce stylo \u00e0 bille avec stylet au design exclusif. Le corps est compl\u00e9t\u00e9 par une poign\u00e9e tactile. Pr\u00e9sentation dans coffret cadeau Balmain.<\/p>\n<p>Gravure<\/p>\n<p> [&#8230;]<\/p>\n<p><a class=\"btn btn-secondary understrap-read-more-link\" href=\"https:\/\/promz.be\/fr\/product\/balmain-stylet-stylo-a-bille\/\">Lire la suite&#8230;<\/a><\/p>\n","protected":false},"featured_media":8746,"comment_status":"closed","ping_status":"open","template":"","meta":[],"product_cat":[8745],"product_tag":[],"_links":{"self":[{"href":"https:\/\/promz.be\/fr\/wp-json\/wp\/v2\/product\/9676"}],"collection":[{"href":"https:\/\/promz.be\/fr\/wp-json\/wp\/v2\/product"}],"about":[{"href":"https:\/\/promz.be\/fr\/wp-json\/wp\/v2\/types\/product"}],"replies":[{"embeddable":true,"href":"https:\/\/promz.be\/fr\/wp-json\/wp\/v2\/comments?post=9676"}],"wp:featuredmedia":[{"embeddable":true,"href":"https:\/\/promz.be\/fr\/wp-json\/wp\/v2\/media\/8746"}],"wp:attachment":[{"href":"https:\/\/promz.be\/fr\/wp-json\/wp\/v2\/media?parent=9676"}],"wp:term":[{"taxonomy":"product_cat","embeddable":true,"href":"https:\/\/promz.be\/fr\/wp-json\/wp\/v2\/product_cat?post=9676"},{"taxonomy":"product_tag","embeddable":true,"href":"https:\/\/promz.be\/fr\/wp-json\/wp\/v2\/product_tag?post=9676"}],"curies":[{"name":"wp","href":"https:\/\/api.w.org\/{rel}","templated":true}]}}