{"id":9677,"date":"2017-09-08T00:00:00","date_gmt":"2017-09-08T00:00:00","guid":{"rendered":"https:\/\/promz.be\/product\/support-telephone\/"},"modified":"2018-07-18T08:35:05","modified_gmt":"2018-07-18T08:35:05","slug":"support-telephone","status":"publish","type":"product","link":"https:\/\/promz.be\/fr\/product\/support-telephone\/","title":{"rendered":"Support t\u00e9l\u00e9phone"},"content":{"rendered":"<p>(prix par 1000 pi\u00e8ces)<\/p>\n<p>Support t\u00e9l\u00e9phone originale sous forme d&#8217;une paire de chaussures pour femmes.<\/p>\n","protected":false},"excerpt":{"rendered":"<p>(prix par 1000 pi\u00e8ces)<\/p>\n<p>Support t\u00e9l\u00e9phone originale sous forme d&#8217;une paire de chaussures pour femmes.<\/p>\n<p> [&#8230;]<\/p>\n<p><a class=\"btn btn-secondary understrap-read-more-link\" href=\"https:\/\/promz.be\/fr\/product\/support-telephone\/\">Lire la suite&#8230;<\/a><\/p>\n","protected":false},"featured_media":9185,"comment_status":"closed","ping_status":"open","template":"","meta":[],"product_cat":[8745],"product_tag":[],"_links":{"self":[{"href":"https:\/\/promz.be\/fr\/wp-json\/wp\/v2\/product\/9677"}],"collection":[{"href":"https:\/\/promz.be\/fr\/wp-json\/wp\/v2\/product"}],"about":[{"href":"https:\/\/promz.be\/fr\/wp-json\/wp\/v2\/types\/product"}],"replies":[{"embeddable":true,"href":"https:\/\/promz.be\/fr\/wp-json\/wp\/v2\/comments?post=9677"}],"wp:featuredmedia":[{"embeddable":true,"href":"https:\/\/promz.be\/fr\/wp-json\/wp\/v2\/media\/9185"}],"wp:attachment":[{"href":"https:\/\/promz.be\/fr\/wp-json\/wp\/v2\/media?parent=9677"}],"wp:term":[{"taxonomy":"product_cat","embeddable":true,"href":"https:\/\/promz.be\/fr\/wp-json\/wp\/v2\/product_cat?post=9677"},{"taxonomy":"product_tag","embeddable":true,"href":"https:\/\/promz.be\/fr\/wp-json\/wp\/v2\/product_tag?post=9677"}],"curies":[{"name":"wp","href":"https:\/\/api.w.org\/{rel}","templated":true}]}}