{"id":9680,"date":"2018-02-12T00:00:00","date_gmt":"2018-02-12T00:00:00","guid":{"rendered":"https:\/\/promz.be\/product\/la-surprise-au-supermarche\/"},"modified":"2018-07-18T08:35:07","modified_gmt":"2018-07-18T08:35:07","slug":"la-surprise-au-supermarche","status":"publish","type":"product","link":"https:\/\/promz.be\/fr\/product\/la-surprise-au-supermarche\/","title":{"rendered":"La surprise au supermarch\u00e9"},"content":{"rendered":"<p>(prix par 1000 pi\u00e8ces)<\/p>\n<p>Vous connaissez le probl\u00e8me: lorsque vous voulez utiliser un caddie, vous devez toujours avoir une pi\u00e8ce de monnaie sur vous. Ce temps est maintenant r\u00e9volu.<\/p>\n<p>Accrochez cette super prime \u00e0 votre porte-cl\u00e9s, il remplacera la pi\u00e8ce de monnaie. Mais alors, mes cl\u00e9s vont pendre \u00e0 mon caddie, me direz-vous&#8230;? Non. C&#8217;est vraiment incroyable. Vous l&#8217;enfoncez, et le caddie est du coup lib\u00e9r\u00e9. Sans que rien ne reste enfonc\u00e9 dans la serrure.<\/p>\n<p>Regardez la vid\u00e9o pour le croire. C&#8217;est un truc tout \u00e0 fait fou!<\/p>\n","protected":false},"excerpt":{"rendered":"<p>(prix par 1000 pi\u00e8ces)<\/p>\n<p>Vous connaissez le probl\u00e8me: lorsque vous voulez utiliser un caddie, vous devez toujours avoir une pi\u00e8ce de monnaie sur vous. Ce temps est maintenant r\u00e9volu.<\/p>\n<p>Accrochez cette super prime \u00e0 votre porte-cl\u00e9s, il remplacera la pi\u00e8ce de monnaie. Mais alors, mes cl\u00e9s vont pendre \u00e0 mon caddie, me direz-vous&#8230;? Non. C&#8217;est vraiment incroyable. Vous l&#8217;enfoncez, et le caddie est du coup lib\u00e9r\u00e9. Sans que rien ne reste enfonc\u00e9 dans la serrure.<\/p>\n<p>Regardez la vid\u00e9o pour le croire. C&#8217;est un truc tout \u00e0 fait fou!<\/p>\n<p> [&#8230;]<\/p>\n<p><a class=\"btn btn-secondary understrap-read-more-link\" href=\"https:\/\/promz.be\/fr\/product\/la-surprise-au-supermarche\/\">Lire la suite&#8230;<\/a><\/p>\n","protected":false},"featured_media":8464,"comment_status":"closed","ping_status":"open","template":"","meta":[],"product_cat":[8745],"product_tag":[],"_links":{"self":[{"href":"https:\/\/promz.be\/fr\/wp-json\/wp\/v2\/product\/9680"}],"collection":[{"href":"https:\/\/promz.be\/fr\/wp-json\/wp\/v2\/product"}],"about":[{"href":"https:\/\/promz.be\/fr\/wp-json\/wp\/v2\/types\/product"}],"replies":[{"embeddable":true,"href":"https:\/\/promz.be\/fr\/wp-json\/wp\/v2\/comments?post=9680"}],"wp:featuredmedia":[{"embeddable":true,"href":"https:\/\/promz.be\/fr\/wp-json\/wp\/v2\/media\/8464"}],"wp:attachment":[{"href":"https:\/\/promz.be\/fr\/wp-json\/wp\/v2\/media?parent=9680"}],"wp:term":[{"taxonomy":"product_cat","embeddable":true,"href":"https:\/\/promz.be\/fr\/wp-json\/wp\/v2\/product_cat?post=9680"},{"taxonomy":"product_tag","embeddable":true,"href":"https:\/\/promz.be\/fr\/wp-json\/wp\/v2\/product_tag?post=9680"}],"curies":[{"name":"wp","href":"https:\/\/api.w.org\/{rel}","templated":true}]}}