{"id":9681,"date":"2017-07-12T00:00:00","date_gmt":"2017-07-12T00:00:00","guid":{"rendered":"https:\/\/promz.be\/product\/crayon-sprout\/"},"modified":"2018-07-18T08:35:07","modified_gmt":"2018-07-18T08:35:07","slug":"crayon-sprout","status":"publish","type":"product","link":"https:\/\/promz.be\/fr\/product\/crayon-sprout\/","title":{"rendered":"Crayon Sprout"},"content":{"rendered":"<p>(prix par 1000 pi\u00e8ces)<\/p>\n<p>Vous le reconnaissez certainement: c&#8217;est l&#8217;ensemble de crayons flambant neuf au d\u00e9but de l&#8217;ann\u00e9e scolaire. H\u00e9las, avant m&#038;ecirc,me que vous ne le sachiez, ces crayons seront transform\u00e9s en ridicules bouts de bois inutiles.<\/p>\n<p><strong>Et si maintenant, au lieu de jeter ces crayons, vous pouviez les planter pour faire pousser quelque chose de d\u00e9licieux, de beau et d&#8217;amusant?<\/strong> Le r\u00e9sultat, c&#8217;est Sprout.<\/p>\n<p>Sprout est \u00e0 premi\u00e8re vue un crayon en bois de c\u00e8dre tout \u00e0 fait banal. Vous pouvez \u00e9crire avec et le tailler aussi longtemps qu&#8217;un autre jusqu&#8217;\u00e0 ce qu&#8217;il devienne trop petit. Et c&#8217;est alors que le vrai fun commence. <strong>Le bout du crayon contient en effet des graines. Il vous suffit de planter le crayon dans un peu de terre, la pointe vers le haut, et de l&#8217;arroser r\u00e9guli\u00e8rement.<\/strong><\/p>\n<p>Sous l&#8217;effet de l&#8217;eau, le bout du crayon, qui renferme les graines, se dissout. Une semaine plus tard environ, les graines commenceront \u00e0 germer.<\/p>\n<p>Il existe 8 vari\u00e9t\u00e9s: basilic, coriandre, aneth, menthe, persil, sauge, romarin et thym. Le type de plante est indiqu\u00e9 sur chaque crayon.<\/p>\n","protected":false},"excerpt":{"rendered":"<p>(prix par 1000 pi\u00e8ces)<\/p>\n<p>Vous le reconnaissez certainement: c&#8217;est l&#8217;ensemble de crayons flambant neuf au d\u00e9but de l&#8217;ann\u00e9e scolaire. H\u00e9las, avant m&#038;ecirc,me que vous ne le sachiez, ces crayons seront transform\u00e9s en ridicules bouts de bois inutiles.<\/p>\n<p><strong>Et si maintenant, au lieu de jeter ces crayons, vous pouviez les planter pour faire pousser quelque chose de d\u00e9licieux, de beau et d&#8217;amusant?<\/strong> Le r\u00e9sultat, c&#8217;est Sprout.<\/p>\n<p>Sprout est \u00e0 premi\u00e8re vue un crayon en bois de c\u00e8dre tout \u00e0 fait banal. Vous pouvez \u00e9crire avec et le tailler aussi longtemps qu&#8217;un autre jusqu&#8217;\u00e0 ce qu&#8217;il devienne trop petit. Et c&#8217;est alors que le vrai fun commence. <strong>Le bout du crayon contient en effet des graines. Il vous suffit de planter le crayon dans un peu de terre, la pointe vers le haut, et de l&#8217;arroser r\u00e9guli\u00e8rement.<\/strong><\/p>\n<p>Sous l&#8217;effet de l&#8217;eau, le bout du crayon, qui renferme les graines, se dissout. Une semaine plus tard environ, les graines commenceront \u00e0 germer.<\/p>\n<p>Il existe 8 vari\u00e9t\u00e9s: basilic, coriandre, aneth, menthe, persil, sauge, romarin et thym. Le type de plante est indiqu\u00e9 sur chaque crayon.<\/p>\n<p> [&#8230;]<\/p>\n<p><a class=\"btn btn-secondary understrap-read-more-link\" href=\"https:\/\/promz.be\/fr\/product\/crayon-sprout\/\">Lire la suite&#8230;<\/a><\/p>\n","protected":false},"featured_media":8737,"comment_status":"closed","ping_status":"open","template":"","meta":[],"product_cat":[8745],"product_tag":[],"_links":{"self":[{"href":"https:\/\/promz.be\/fr\/wp-json\/wp\/v2\/product\/9681"}],"collection":[{"href":"https:\/\/promz.be\/fr\/wp-json\/wp\/v2\/product"}],"about":[{"href":"https:\/\/promz.be\/fr\/wp-json\/wp\/v2\/types\/product"}],"replies":[{"embeddable":true,"href":"https:\/\/promz.be\/fr\/wp-json\/wp\/v2\/comments?post=9681"}],"wp:featuredmedia":[{"embeddable":true,"href":"https:\/\/promz.be\/fr\/wp-json\/wp\/v2\/media\/8737"}],"wp:attachment":[{"href":"https:\/\/promz.be\/fr\/wp-json\/wp\/v2\/media?parent=9681"}],"wp:term":[{"taxonomy":"product_cat","embeddable":true,"href":"https:\/\/promz.be\/fr\/wp-json\/wp\/v2\/product_cat?post=9681"},{"taxonomy":"product_tag","embeddable":true,"href":"https:\/\/promz.be\/fr\/wp-json\/wp\/v2\/product_tag?post=9681"}],"curies":[{"name":"wp","href":"https:\/\/api.w.org\/{rel}","templated":true}]}}