{"id":9683,"date":"2017-07-28T00:00:00","date_gmt":"2017-07-28T00:00:00","guid":{"rendered":"https:\/\/promz.be\/product\/gants-geants-pour-supporters\/"},"modified":"2018-07-18T08:35:08","modified_gmt":"2018-07-18T08:35:08","slug":"gants-geants-pour-supporters","status":"publish","type":"product","link":"https:\/\/promz.be\/fr\/product\/gants-geants-pour-supporters\/","title":{"rendered":"Gants g\u00e9ants pour supporters"},"content":{"rendered":"<p>(prix par 1200 pi\u00e8ces)<\/p>\n<p>En mousse souple avec encoche pour y enserrer votre main, livrable \u00e0 partir de 255 pi\u00e8ces (3 Cartons). Imprim\u00e9 par sublimation au recto. Couleur de la mousse: blanc, jaune, rouge, vert, bleu ou gris anthracite. Id\u00e9al pour tous types d&#8217;\u00e9v\u00e9nements: manifestations sportives, concerts, &#8230;..<\/p>\n","protected":false},"excerpt":{"rendered":"<p>(prix par 1200 pi\u00e8ces)<\/p>\n<p>En mousse souple avec encoche pour y enserrer votre main, livrable \u00e0 partir de 255 pi\u00e8ces (3 Cartons). Imprim\u00e9 par sublimation au recto. Couleur de la mousse: blanc, jaune, rouge, vert, bleu ou gris anthracite. Id\u00e9al pour tous types d&#8217;\u00e9v\u00e9nements: manifestations sportives, concerts, &#8230;..<\/p>\n<p> [&#8230;]<\/p>\n<p><a class=\"btn btn-secondary understrap-read-more-link\" href=\"https:\/\/promz.be\/fr\/product\/gants-geants-pour-supporters\/\">Lire la suite&#8230;<\/a><\/p>\n","protected":false},"featured_media":9491,"comment_status":"closed","ping_status":"open","template":"","meta":[],"product_cat":[8745],"product_tag":[],"_links":{"self":[{"href":"https:\/\/promz.be\/fr\/wp-json\/wp\/v2\/product\/9683"}],"collection":[{"href":"https:\/\/promz.be\/fr\/wp-json\/wp\/v2\/product"}],"about":[{"href":"https:\/\/promz.be\/fr\/wp-json\/wp\/v2\/types\/product"}],"replies":[{"embeddable":true,"href":"https:\/\/promz.be\/fr\/wp-json\/wp\/v2\/comments?post=9683"}],"wp:featuredmedia":[{"embeddable":true,"href":"https:\/\/promz.be\/fr\/wp-json\/wp\/v2\/media\/9491"}],"wp:attachment":[{"href":"https:\/\/promz.be\/fr\/wp-json\/wp\/v2\/media?parent=9683"}],"wp:term":[{"taxonomy":"product_cat","embeddable":true,"href":"https:\/\/promz.be\/fr\/wp-json\/wp\/v2\/product_cat?post=9683"},{"taxonomy":"product_tag","embeddable":true,"href":"https:\/\/promz.be\/fr\/wp-json\/wp\/v2\/product_tag?post=9683"}],"curies":[{"name":"wp","href":"https:\/\/api.w.org\/{rel}","templated":true}]}}