{"id":9684,"date":"2017-12-18T00:00:00","date_gmt":"2017-12-18T00:00:00","guid":{"rendered":"https:\/\/promz.be\/product\/ventilateur-brumisateur\/"},"modified":"2018-07-18T08:35:08","modified_gmt":"2018-07-18T08:35:08","slug":"ventilateur-brumisateur","status":"publish","type":"product","link":"https:\/\/promz.be\/fr\/product\/ventilateur-brumisateur\/","title":{"rendered":"Ventilateur brumisateur"},"content":{"rendered":"<p>(prix par 1200 pi\u00e8ces)<\/p>\n<p>Ventilateur avec brumisateur. Flacon transparent avec bouchon plastique disponible dans diff\u00e9rents coloris estivaux. Un agr\u00e9able rafra&#038;icirc,chisseur et le cadeau parfait pour tout \u00e9v\u00e8nement estival. Fonctionne avec 2 piles (non fournies).<\/p>\n","protected":false},"excerpt":{"rendered":"<p>(prix par 1200 pi\u00e8ces)<\/p>\n<p>Ventilateur avec brumisateur. Flacon transparent avec bouchon plastique disponible dans diff\u00e9rents coloris estivaux. Un agr\u00e9able rafra&#038;icirc,chisseur et le cadeau parfait pour tout \u00e9v\u00e8nement estival. Fonctionne avec 2 piles (non fournies).<\/p>\n<p> [&#8230;]<\/p>\n<p><a class=\"btn btn-secondary understrap-read-more-link\" href=\"https:\/\/promz.be\/fr\/product\/ventilateur-brumisateur\/\">Lire la suite&#8230;<\/a><\/p>\n","protected":false},"featured_media":7982,"comment_status":"closed","ping_status":"open","template":"","meta":[],"product_cat":[8745],"product_tag":[],"_links":{"self":[{"href":"https:\/\/promz.be\/fr\/wp-json\/wp\/v2\/product\/9684"}],"collection":[{"href":"https:\/\/promz.be\/fr\/wp-json\/wp\/v2\/product"}],"about":[{"href":"https:\/\/promz.be\/fr\/wp-json\/wp\/v2\/types\/product"}],"replies":[{"embeddable":true,"href":"https:\/\/promz.be\/fr\/wp-json\/wp\/v2\/comments?post=9684"}],"wp:featuredmedia":[{"embeddable":true,"href":"https:\/\/promz.be\/fr\/wp-json\/wp\/v2\/media\/7982"}],"wp:attachment":[{"href":"https:\/\/promz.be\/fr\/wp-json\/wp\/v2\/media?parent=9684"}],"wp:term":[{"taxonomy":"product_cat","embeddable":true,"href":"https:\/\/promz.be\/fr\/wp-json\/wp\/v2\/product_cat?post=9684"},{"taxonomy":"product_tag","embeddable":true,"href":"https:\/\/promz.be\/fr\/wp-json\/wp\/v2\/product_tag?post=9684"}],"curies":[{"name":"wp","href":"https:\/\/api.w.org\/{rel}","templated":true}]}}