{"id":9686,"date":"2017-07-19T00:00:00","date_gmt":"2017-07-19T00:00:00","guid":{"rendered":"https:\/\/promz.be\/product\/sucettes-2d\/"},"modified":"2018-07-18T08:35:09","modified_gmt":"2018-07-18T08:35:09","slug":"sucettes-2d","status":"publish","type":"product","link":"https:\/\/promz.be\/fr\/product\/sucettes-2d\/","title":{"rendered":"Sucettes 2D"},"content":{"rendered":"<p>(prix par 1440 pi\u00e8ces)<\/p>\n<p><span id=result_box lang=fr>Cette d\u00e9licieuse sucette p\u00e8se 65 grammes. Votre logo peut &#038;ecirc,tre imprim\u00e9 jusqu&#8217;\u00e0 deux couleurs.Disponible en 12 saveurs dont cerise, citron, orange et cola.Le prix indicatif est pour une sucette ronde, d&#8217;autres formes sont possibles sur demande.Validit\u00e9 d&#8217;environ 12 mois, si entrepos\u00e9 correctement.<\/p>\n<div id=gt-edit style=display: none,>\n<div style=width: 100%,><textarea id=contribute-target class=goog-textarea style=height: auto, padding-right: 20px, -ms-overflow-x: auto, -ms-overflow-y: hidden, box-sizing: border-box, dir=ltr tabindex=0 name=edit-text rows=1><\/textarea> <\/p>\n<div id=gt-clear class=clear-button goog-toolbar-button style=right: 0px, display: none, data-tooltip-align=t,c data-tooltip=Supprimer le texte>\n<div id=gt-res-tools>\n<div id=gt-res-tools-l>\n<div id=gt-pb-star>\n<div class=goog-toolbar-button goog-inline-block trans-pb-button data-tooltip-align=t,c data-tooltip=Enregistr\u00e9>\n<div id=gt-res-copy class=copy-button goog-toolbar-button data-tooltip-align=t,c data-tooltip=Copier>\n<div id=gt-res-roman class=trans-roman-button goog-toolbar-button style=display: none, data-tooltip-align=t,c data-tooltip=Lire phon\u00e9tiquement>\n<div id=gt-res-listen class=trans-listen-button goog-toolbar-button data-tooltip-align=t,c data-tooltip=\u00e9couter>\n<div id=gt-res-share class=share-button goog-toolbar-button data-tooltip-align=t,c data-tooltip=Partager>\n","protected":false},"excerpt":{"rendered":"<p>(prix par 1440 pi\u00e8ces)<\/p>\n<p><span id=result_box lang=fr>Cette d\u00e9licieuse sucette p\u00e8se 65 grammes. Votre logo peut &#038;ecirc,tre imprim\u00e9 jusqu&#8217;\u00e0 deux couleurs.Disponible en 12 saveurs dont cerise, citron, orange et cola.Le prix indicatif est pour une sucette ronde, d&#8217;autres formes sont possibles sur demande.Validit\u00e9 d&#8217;environ 12 mois, si entrepos\u00e9 correctement.<\/p>\n<div id=gt-edit style=display: none,>\n<div style=width: 100%,><textarea id=contribute-target class=goog-textarea style=height: auto, padding-right: 20px, -ms-overflow-x: auto, -ms-overflow-y: hidden, box-sizing: border-box, dir=ltr tabindex=0 name=edit-text rows=1><\/textarea> <\/p>\n<div id=gt-clear class=clear-button goog-toolbar-button style=right: 0px, display: none, data-tooltip-align=t,c data-tooltip=Supprimer le texte>\n<div id=gt-res-tools>\n<div id=gt-res-tools-l>\n<div id=gt-pb-star>\n<div class=goog-toolbar-button goog-inline-block trans-pb-button data-tooltip-align=t,c data-tooltip=Enregistr\u00e9>\n<div id=gt-res-copy class=copy-button goog-toolbar-button data-tooltip-align=t,c data-tooltip=Copier>\n<div id=gt-res-roman class=trans-roman-button goog-toolbar-button style=display: none, data-tooltip-align=t,c data-tooltip=Lire phon\u00e9tiquement>\n<div id=gt-res-listen class=trans-listen-button goog-toolbar-button data-tooltip-align=t,c data-tooltip=\u00e9couter>\n<div id=gt-res-share class=share-button goog-toolbar-button data-tooltip-align=t,c data-tooltip=Partager> [&#8230;]<\/p>\n<p><a class=\"btn btn-secondary understrap-read-more-link\" href=\"https:\/\/promz.be\/fr\/product\/sucettes-2d\/\">Lire la suite&#8230;<\/a><\/p>\n","protected":false},"featured_media":7258,"comment_status":"closed","ping_status":"open","template":"","meta":[],"product_cat":[8745],"product_tag":[],"_links":{"self":[{"href":"https:\/\/promz.be\/fr\/wp-json\/wp\/v2\/product\/9686"}],"collection":[{"href":"https:\/\/promz.be\/fr\/wp-json\/wp\/v2\/product"}],"about":[{"href":"https:\/\/promz.be\/fr\/wp-json\/wp\/v2\/types\/product"}],"replies":[{"embeddable":true,"href":"https:\/\/promz.be\/fr\/wp-json\/wp\/v2\/comments?post=9686"}],"wp:featuredmedia":[{"embeddable":true,"href":"https:\/\/promz.be\/fr\/wp-json\/wp\/v2\/media\/7258"}],"wp:attachment":[{"href":"https:\/\/promz.be\/fr\/wp-json\/wp\/v2\/media?parent=9686"}],"wp:term":[{"taxonomy":"product_cat","embeddable":true,"href":"https:\/\/promz.be\/fr\/wp-json\/wp\/v2\/product_cat?post=9686"},{"taxonomy":"product_tag","embeddable":true,"href":"https:\/\/promz.be\/fr\/wp-json\/wp\/v2\/product_tag?post=9686"}],"curies":[{"name":"wp","href":"https:\/\/api.w.org\/{rel}","templated":true}]}}