{"id":9688,"date":"2018-04-04T00:00:00","date_gmt":"2018-04-04T00:00:00","guid":{"rendered":"https:\/\/promz.be\/product\/boite-de-biscuits-americains\/"},"modified":"2018-07-18T08:35:09","modified_gmt":"2018-07-18T08:35:09","slug":"boite-de-biscuits-americains","status":"publish","type":"product","link":"https:\/\/promz.be\/fr\/product\/boite-de-biscuits-americains\/","title":{"rendered":"Bo\u00eete de biscuits am\u00e9ricains"},"content":{"rendered":"<p>(prix par 200 pi\u00e8ces)<\/p>\n<p>190 grammes de biscuits am\u00e9ricains dans une bo&#038;icirc,te en \u00e9tain. Votre logo peut &#038;ecirc,tre imprim\u00e9 <span class=hps atn>au moyen d&#8217;une \u00e9tiquette imprim\u00e9e num\u00e9riquement sur le dessus de la bo&#038;icirc,te. Minimum de commande: 50 bo&#038;icirc,tes.Dur\u00e9e de conservation: +\/- 6 mois<\/p>\n","protected":false},"excerpt":{"rendered":"<p>(prix par 200 pi\u00e8ces)<\/p>\n<p>190 grammes de biscuits am\u00e9ricains dans une bo&#038;icirc,te en \u00e9tain. Votre logo peut &#038;ecirc,tre imprim\u00e9 <span class=hps atn>au moyen d&#8217;une \u00e9tiquette imprim\u00e9e num\u00e9riquement sur le dessus de la bo&#038;icirc,te. Minimum de commande: 50 bo&#038;icirc,tes.Dur\u00e9e de conservation: +\/- 6 mois<\/p>\n<p> [&#8230;]<\/p>\n<p><a class=\"btn btn-secondary understrap-read-more-link\" href=\"https:\/\/promz.be\/fr\/product\/boite-de-biscuits-americains\/\">Lire la suite&#8230;<\/a><\/p>\n","protected":false},"featured_media":6635,"comment_status":"closed","ping_status":"open","template":"","meta":[],"product_cat":[8745],"product_tag":[],"_links":{"self":[{"href":"https:\/\/promz.be\/fr\/wp-json\/wp\/v2\/product\/9688"}],"collection":[{"href":"https:\/\/promz.be\/fr\/wp-json\/wp\/v2\/product"}],"about":[{"href":"https:\/\/promz.be\/fr\/wp-json\/wp\/v2\/types\/product"}],"replies":[{"embeddable":true,"href":"https:\/\/promz.be\/fr\/wp-json\/wp\/v2\/comments?post=9688"}],"wp:featuredmedia":[{"embeddable":true,"href":"https:\/\/promz.be\/fr\/wp-json\/wp\/v2\/media\/6635"}],"wp:attachment":[{"href":"https:\/\/promz.be\/fr\/wp-json\/wp\/v2\/media?parent=9688"}],"wp:term":[{"taxonomy":"product_cat","embeddable":true,"href":"https:\/\/promz.be\/fr\/wp-json\/wp\/v2\/product_cat?post=9688"},{"taxonomy":"product_tag","embeddable":true,"href":"https:\/\/promz.be\/fr\/wp-json\/wp\/v2\/product_tag?post=9688"}],"curies":[{"name":"wp","href":"https:\/\/api.w.org\/{rel}","templated":true}]}}