{"id":9689,"date":"2018-02-21T00:00:00","date_gmt":"2018-02-21T00:00:00","guid":{"rendered":"https:\/\/promz.be\/product\/curly-koziol\/"},"modified":"2018-07-18T08:35:10","modified_gmt":"2018-07-18T08:35:10","slug":"curly-koziol","status":"publish","type":"product","link":"https:\/\/promz.be\/fr\/product\/curly-koziol\/","title":{"rendered":"Curly KOZIOL"},"content":{"rendered":"<p>(prix par 200 pi\u00e8ces)<\/p>\n<p>Aussi bien les trombones que vous-m&#038;ecirc,me serez attir\u00e9s par l&#8217;attrayante petite t&#038;ecirc,te de notre Curly. Une &#8216;accroche&#8217; sur votre bureau ! Se d\u00e9cline en diff\u00e9rents coloris.<\/p>\n","protected":false},"excerpt":{"rendered":"<p>(prix par 200 pi\u00e8ces)<\/p>\n<p>Aussi bien les trombones que vous-m&#038;ecirc,me serez attir\u00e9s par l&#8217;attrayante petite t&#038;ecirc,te de notre Curly. Une &#8216;accroche&#8217; sur votre bureau ! Se d\u00e9cline en diff\u00e9rents coloris.<\/p>\n<p> [&#8230;]<\/p>\n<p><a class=\"btn btn-secondary understrap-read-more-link\" href=\"https:\/\/promz.be\/fr\/product\/curly-koziol\/\">Lire la suite&#8230;<\/a><\/p>\n","protected":false},"featured_media":8148,"comment_status":"closed","ping_status":"open","template":"","meta":[],"product_cat":[8745],"product_tag":[],"_links":{"self":[{"href":"https:\/\/promz.be\/fr\/wp-json\/wp\/v2\/product\/9689"}],"collection":[{"href":"https:\/\/promz.be\/fr\/wp-json\/wp\/v2\/product"}],"about":[{"href":"https:\/\/promz.be\/fr\/wp-json\/wp\/v2\/types\/product"}],"replies":[{"embeddable":true,"href":"https:\/\/promz.be\/fr\/wp-json\/wp\/v2\/comments?post=9689"}],"wp:featuredmedia":[{"embeddable":true,"href":"https:\/\/promz.be\/fr\/wp-json\/wp\/v2\/media\/8148"}],"wp:attachment":[{"href":"https:\/\/promz.be\/fr\/wp-json\/wp\/v2\/media?parent=9689"}],"wp:term":[{"taxonomy":"product_cat","embeddable":true,"href":"https:\/\/promz.be\/fr\/wp-json\/wp\/v2\/product_cat?post=9689"},{"taxonomy":"product_tag","embeddable":true,"href":"https:\/\/promz.be\/fr\/wp-json\/wp\/v2\/product_tag?post=9689"}],"curies":[{"name":"wp","href":"https:\/\/api.w.org\/{rel}","templated":true}]}}